{"id":798,"date":"2014-09-25T18:50:08","date_gmt":"2014-09-25T16:50:08","guid":{"rendered":"http:\/\/oasart-images.com\/?page_id=798"},"modified":"2017-03-29T18:40:28","modified_gmt":"2017-03-29T16:40:28","slug":"tissus","status":"publish","type":"page","link":"https:\/\/amandineledu.art\/en\/acryliques\/tissus\/","title":{"rendered":"TISSUES"},"content":{"rendered":"<p>&nbsp;<br \/>\n<span style=\"color: #1e73be;\"><em>Et, alors, pendant le jour, elle tissait la grande toile, et, pendant la nuit, ayant allum\u00e9 les torches, elle la d\u00e9faisait.<\/em><\/span><br \/>\n<span style=\"color: #333399;\">Hom\u00e8re<\/span><\/p>\n<div id=\"kad-wp-gallery58\" class=\"kad-wp-gallery kad-light-wp-gallery clearfix kt-gallery-column-3 rowtight\"><div class=\"tcol-lg-4 tcol-md-4 tcol-sm-4 tcol-xs-6 tcol-ss-12 g_item\"><div class=\"grid_item kad_gallery_fade_in gallery_item\"><a href=\"https:\/\/amandineledu.art\/wp-content\/uploads\/2016\/04\/malamok.jpg\" data-rel=\"lightbox\" class=\"lightboxhover\"><img loading=\"lazy\" decoding=\"async\" src=\"https:\/\/amandineledu.art\/wp-content\/uploads\/2016\/04\/malamok-400x400.jpg\" width=\"400\" height=\"400\" alt=\"&lt;br&gt;MALAMOK &lt;span style=&#039;color: #5E7C98&#039;&gt;- 150 cm x 100 cm, acrylique sur toile -&lt;\/span&gt; &lt;em&gt;&lt;span style=&#039;color: #FF0000;font-size: 10px;&#039;&gt;VENDUE&lt;\/span&gt;&lt;\/em&gt;&lt;br&gt;&lt;br&gt;\" srcset=\"https:\/\/amandineledu.art\/wp-content\/uploads\/2016\/04\/malamok-400x400.jpg 400w, https:\/\/amandineledu.art\/wp-content\/uploads\/2016\/04\/malamok-150x150.jpg 150w, https:\/\/amandineledu.art\/wp-content\/uploads\/2016\/04\/malamok-600x600.jpg 600w, https:\/\/amandineledu.art\/wp-content\/uploads\/2016\/04\/malamok-300x300.jpg 300w\" sizes=\"auto, (max-width: 400px) 100vw, 400px\" class=\"light-dropshaddow\"\/><\/a><\/div><\/div><div class=\"tcol-lg-4 tcol-md-4 tcol-sm-4 tcol-xs-6 tcol-ss-12 g_item\"><div class=\"grid_item kad_gallery_fade_in gallery_item\"><a href=\"https:\/\/amandineledu.art\/wp-content\/uploads\/2014\/02\/toile_de_penelope.jpg\" data-rel=\"lightbox\" class=\"lightboxhover\"><img loading=\"lazy\" decoding=\"async\" src=\"https:\/\/amandineledu.art\/wp-content\/uploads\/2014\/02\/toile_de_penelope-400x400.jpg\" width=\"400\" height=\"400\" alt=\"&lt;br&gt;TOILE DE P\u00c9N\u00c9LOPE &lt;span style=&#039;color: #5E7C98&#039;&gt;- 2m x 1m, acrylique sur toile -&lt;\/span&gt; &lt;em&gt;&lt;span style=&#039;color: #FF0000;font-size: 10px;&#039;&gt;VENDUE&lt;\/span&gt;&lt;\/em&gt;&lt;br&gt;&lt;br&gt;\n\n&lt;span style=&#039;color: #1e73be;&#039;&gt;&lt;em&gt;La nuit nous dicte sa t\u00e2che magique.&lt;br&gt;\nD\u00e9tisser les mailles de l\u2019univers,&lt;br&gt;\nles ramifications in\u00e9puisables&lt;br&gt;\ndes effets et des causes, qui se perdent&lt;br&gt;\ndans ce vertige insondable \u2013 le temps&lt;br&gt;\nla nuit exige que cette nuit m\u00eame,&lt;br&gt;\ntu oublies ton nom, ton sang, tes anc\u00eatres,&lt;br&gt;\nchaque parole humaine et chaque larme,&lt;br&gt;\nce que la veille a pu te r\u00e9v\u00e9ler,&lt;br&gt;\nle point illusoire des g\u00e9om\u00e8tres,&lt;br&gt;\nla ligne, le cube, la pyramide&lt;br&gt;\net plan, sph\u00e8re, cylindre, mer et vagues,&lt;br&gt;\nta joue sur l\u2019oreiller et la fra\u00eecheur&lt;br&gt;\ndu drap neuf&lt;br&gt;\nles empires, les C\u00e9sars et Shakespeare&lt;br&gt;\net, plus difficile, ce que tu aimes.&lt;\/em&gt;&lt;\/span&gt;&lt;br&gt;\n&lt;span style=&#039;color: #333399;&#039;&gt;Jorge Luis Borges&lt;\/span&gt;&lt;br&gt;&lt;br&gt;\" srcset=\"https:\/\/amandineledu.art\/wp-content\/uploads\/2014\/02\/toile_de_penelope-400x400.jpg 400w, https:\/\/amandineledu.art\/wp-content\/uploads\/2014\/02\/toile_de_penelope-150x150.jpg 150w, https:\/\/amandineledu.art\/wp-content\/uploads\/2014\/02\/toile_de_penelope-300x300.jpg 300w\" sizes=\"auto, (max-width: 400px) 100vw, 400px\" class=\"light-dropshaddow\"\/><\/a><\/div><\/div><div class=\"tcol-lg-4 tcol-md-4 tcol-sm-4 tcol-xs-6 tcol-ss-12 g_item\"><div class=\"grid_item kad_gallery_fade_in gallery_item\"><a href=\"https:\/\/amandineledu.art\/wp-content\/uploads\/2014\/02\/andaman_fil.jpg\" data-rel=\"lightbox\" class=\"lightboxhover\"><img loading=\"lazy\" decoding=\"async\" src=\"https:\/\/amandineledu.art\/wp-content\/uploads\/2014\/02\/andaman_fil-400x400.jpg\" width=\"400\" height=\"400\" alt=\"&lt;br&gt;ANDAMAN &lt;span style=&#039;color: #5E7C98&#039;&gt;- 1m50 x 1m, acrylique sur toile -&lt;\/span&gt; &lt;em&gt;&lt;span style=&#039;color: #FF0000;font-size: 10px;&#039;&gt;VENDUE&lt;\/span&gt;&lt;\/em&gt;&lt;br&gt;&lt;br&gt;\n\n&lt;span style=&#039;color: #1e73be;&#039;&gt;&lt;em&gt;La cr\u00e9ation n&#039;est rien d&#039;autre qu&#039;un r\u00eave durement mis en forme.&lt;\/em&gt;&lt;\/span&gt;&lt;br&gt;\n&lt;span style=&#039;color: #333399;&#039;&gt;Gilbert Choquette&lt;\/span&gt;&lt;br&gt;&lt;br&gt;\" srcset=\"https:\/\/amandineledu.art\/wp-content\/uploads\/2014\/02\/andaman_fil-400x400.jpg 400w, https:\/\/amandineledu.art\/wp-content\/uploads\/2014\/02\/andaman_fil-150x150.jpg 150w, https:\/\/amandineledu.art\/wp-content\/uploads\/2014\/02\/andaman_fil-600x600.jpg 600w, https:\/\/amandineledu.art\/wp-content\/uploads\/2014\/02\/andaman_fil-300x300.jpg 300w\" sizes=\"auto, (max-width: 400px) 100vw, 400px\" class=\"light-dropshaddow\"\/><\/a><\/div><\/div><div class=\"tcol-lg-4 tcol-md-4 tcol-sm-4 tcol-xs-6 tcol-ss-12 g_item\"><div class=\"grid_item kad_gallery_fade_in gallery_item\"><a href=\"https:\/\/amandineledu.art\/wp-content\/uploads\/2014\/09\/incognito_fil.jpg\" data-rel=\"lightbox\" class=\"lightboxhover\"><img loading=\"lazy\" decoding=\"async\" src=\"https:\/\/amandineledu.art\/wp-content\/uploads\/2014\/09\/incognito_fil-400x400.jpg\" width=\"400\" height=\"400\" alt=\"&lt;br&gt;INCOGNITO &lt;span style=&#039;color: #5E7C98&#039;&gt;- Acrylique, marqueur et gommettes sur carton toil\u00e9 -&lt;\/span&gt; &lt;em&gt;&lt;span style=&#039;color: #FF8D00;font-size: 10px;&#039;&gt;PAS \u00c0 VENDRE&lt;\/span&gt;&lt;\/em&gt;&lt;br&gt;&lt;br&gt;\" srcset=\"https:\/\/amandineledu.art\/wp-content\/uploads\/2014\/09\/incognito_fil-400x400.jpg 400w, https:\/\/amandineledu.art\/wp-content\/uploads\/2014\/09\/incognito_fil-150x150.jpg 150w, https:\/\/amandineledu.art\/wp-content\/uploads\/2014\/09\/incognito_fil-600x600.jpg 600w, https:\/\/amandineledu.art\/wp-content\/uploads\/2014\/09\/incognito_fil-300x300.jpg 300w\" sizes=\"auto, (max-width: 400px) 100vw, 400px\" class=\"light-dropshaddow\"\/><\/a><\/div><\/div><div class=\"tcol-lg-4 tcol-md-4 tcol-sm-4 tcol-xs-6 tcol-ss-12 g_item\"><div class=\"grid_item kad_gallery_fade_in gallery_item\"><a href=\"https:\/\/amandineledu.art\/wp-content\/uploads\/2015\/03\/madagascar.jpg\" data-rel=\"lightbox\" class=\"lightboxhover\"><img loading=\"lazy\" decoding=\"async\" src=\"https:\/\/amandineledu.art\/wp-content\/uploads\/2015\/03\/madagascar-400x400.jpg\" width=\"400\" height=\"400\" alt=\"&lt;br&gt;MADAGASCAR &lt;span style=&#039;color: #5E7C98&#039;&gt;- Acrylique sur toile -&lt;\/span&gt; &lt;em&gt;&lt;span style=&#039;color: #FF8D00;font-size: 10px;&#039;&gt;PAS \u00c0 VENDRE&lt;\/span&gt;&lt;\/em&gt;&lt;br&gt;&lt;br&gt;\" srcset=\"https:\/\/amandineledu.art\/wp-content\/uploads\/2015\/03\/madagascar-400x400.jpg 400w, https:\/\/amandineledu.art\/wp-content\/uploads\/2015\/03\/madagascar-150x150.jpg 150w, https:\/\/amandineledu.art\/wp-content\/uploads\/2015\/03\/madagascar-600x600.jpg 600w, https:\/\/amandineledu.art\/wp-content\/uploads\/2015\/03\/madagascar-300x300.jpg 300w\" sizes=\"auto, (max-width: 400px) 100vw, 400px\" class=\"light-dropshaddow\"\/><\/a><\/div><\/div><div class=\"tcol-lg-4 tcol-md-4 tcol-sm-4 tcol-xs-6 tcol-ss-12 g_item\"><div class=\"grid_item kad_gallery_fade_in gallery_item\"><a href=\"https:\/\/amandineledu.art\/wp-content\/uploads\/2015\/03\/fresque.jpg\" data-rel=\"lightbox\" class=\"lightboxhover\"><img loading=\"lazy\" decoding=\"async\" src=\"https:\/\/amandineledu.art\/wp-content\/uploads\/2015\/03\/fresque-400x400.jpg\" width=\"400\" height=\"400\" alt=\"&lt;br&gt;ENTRE TERRE &amp; MER &lt;span style=&#039;color: #5E7C98&#039;&gt;- 4m x 2m, acrylique sur toile, triptyque -&lt;\/span&gt; &lt;em&gt;&lt;span style=&#039;color: #FF0000;font-size: 10px;&#039;&gt;VENDUE&lt;\/span&gt;&lt;\/em&gt;&lt;br&gt;&lt;br&gt;\" srcset=\"https:\/\/amandineledu.art\/wp-content\/uploads\/2015\/03\/fresque-400x400.jpg 400w, https:\/\/amandineledu.art\/wp-content\/uploads\/2015\/03\/fresque-150x150.jpg 150w, https:\/\/amandineledu.art\/wp-content\/uploads\/2015\/03\/fresque-600x600.jpg 600w, https:\/\/amandineledu.art\/wp-content\/uploads\/2015\/03\/fresque-300x300.jpg 300w, https:\/\/amandineledu.art\/wp-content\/uploads\/2015\/03\/fresque-800x800.jpg 800w\" sizes=\"auto, (max-width: 400px) 100vw, 400px\" class=\"light-dropshaddow\"\/><\/a><\/div><\/div><\/div>\n","protected":false},"excerpt":{"rendered":"<p>&nbsp; Et, alors, pendant le jour, elle tissait la grande toile, et, pendant la nuit, ayant allum\u00e9 les torches, elle la d\u00e9faisait. Hom\u00e8re<\/p>\n","protected":false},"author":61,"featured_media":0,"parent":28,"menu_order":0,"comment_status":"open","ping_status":"open","template":"page-fullwidth.php","meta":{"kt_blocks_editor_width":"","_s2mail":"yes","footnotes":""},"class_list":["post-798","page","type-page","status-publish","hentry"],"yoast_head":"<!-- This site is optimized with the Yoast SEO plugin v25.8 - https:\/\/yoast.com\/wordpress\/plugins\/seo\/ -->\n<title>Tissus<\/title>\n<meta name=\"description\" content=\"Amandine Le Du - Artiste nantaise - Peinture et art num\u00e9rique\" \/>\n<meta name=\"robots\" content=\"index, follow, max-snippet:-1, max-image-preview:large, max-video-preview:-1\" \/>\n<link rel=\"canonical\" href=\"https:\/\/amandineledu.art\/en\/acryliques\/tissus\/\" \/>\n<meta property=\"og:locale\" content=\"en_US\" \/>\n<meta property=\"og:type\" content=\"article\" \/>\n<meta property=\"og:title\" content=\"Tissus\" \/>\n<meta property=\"og:description\" content=\"Amandine Le Du - Artiste nantaise - Peinture et art num\u00e9rique\" \/>\n<meta property=\"og:url\" content=\"https:\/\/amandineledu.art\/en\/acryliques\/tissus\/\" \/>\n<meta property=\"og:site_name\" content=\"Amandine Le Du\" \/>\n<meta property=\"article:publisher\" content=\"https:\/\/www.facebook.com\/animAmandine\" \/>\n<meta property=\"article:modified_time\" content=\"2017-03-29T16:40:28+00:00\" \/>\n<meta property=\"og:image\" content=\"https:\/\/amandineledu.art\/wp-content\/uploads\/2016\/04\/malamok-366x366.jpg\" \/>\n<meta name=\"twitter:card\" content=\"summary_large_image\" \/>\n<script type=\"application\/ld+json\" class=\"yoast-schema-graph\">{\"@context\":\"https:\/\/schema.org\",\"@graph\":[{\"@type\":\"WebPage\",\"@id\":\"https:\/\/amandineledu.art\/en\/acryliques\/tissus\/\",\"url\":\"https:\/\/amandineledu.art\/en\/acryliques\/tissus\/\",\"name\":\"Tissus\",\"isPartOf\":{\"@id\":\"https:\/\/amandineledu.art\/#website\"},\"datePublished\":\"2014-09-25T16:50:08+00:00\",\"dateModified\":\"2017-03-29T16:40:28+00:00\",\"description\":\"Amandine Le Du - Artiste nantaise - Peinture et art num\u00e9rique\",\"breadcrumb\":{\"@id\":\"https:\/\/amandineledu.art\/en\/acryliques\/tissus\/#breadcrumb\"},\"inLanguage\":\"en-US\",\"potentialAction\":[{\"@type\":\"ReadAction\",\"target\":[\"https:\/\/amandineledu.art\/en\/acryliques\/tissus\/\"]}]},{\"@type\":\"BreadcrumbList\",\"@id\":\"https:\/\/amandineledu.art\/en\/acryliques\/tissus\/#breadcrumb\",\"itemListElement\":[{\"@type\":\"ListItem\",\"position\":1,\"name\":\"Accueil\",\"item\":\"https:\/\/amandineledu.art\/\"},{\"@type\":\"ListItem\",\"position\":2,\"name\":\"PEINTURE\",\"item\":\"https:\/\/amandineledu.art\/acryliques\/\"},{\"@type\":\"ListItem\",\"position\":3,\"name\":\"TISSUES\"}]},{\"@type\":\"WebSite\",\"@id\":\"https:\/\/amandineledu.art\/#website\",\"url\":\"https:\/\/amandineledu.art\/\",\"name\":\"Amandine Le Du\",\"description\":\"Artiste peintre - Atelier \u00e0 Pornichet\",\"publisher\":{\"@id\":\"https:\/\/amandineledu.art\/#\/schema\/person\/47d032a4b9e8aef51cf3342ba9d2d5a4\"},\"potentialAction\":[{\"@type\":\"SearchAction\",\"target\":{\"@type\":\"EntryPoint\",\"urlTemplate\":\"https:\/\/amandineledu.art\/?s={search_term_string}\"},\"query-input\":{\"@type\":\"PropertyValueSpecification\",\"valueRequired\":true,\"valueName\":\"search_term_string\"}}],\"inLanguage\":\"en-US\"},{\"@type\":[\"Person\",\"Organization\"],\"@id\":\"https:\/\/amandineledu.art\/#\/schema\/person\/47d032a4b9e8aef51cf3342ba9d2d5a4\",\"name\":\"amandine\",\"image\":{\"@type\":\"ImageObject\",\"inLanguage\":\"en-US\",\"@id\":\"https:\/\/amandineledu.art\/#\/schema\/person\/image\/\",\"url\":\"https:\/\/amandineledu.art\/wp-content\/uploads\/2015\/11\/HD15.jpg\",\"contentUrl\":\"https:\/\/amandineledu.art\/wp-content\/uploads\/2015\/11\/HD15.jpg\",\"width\":900,\"height\":900,\"caption\":\"amandine\"},\"logo\":{\"@id\":\"https:\/\/amandineledu.art\/#\/schema\/person\/image\/\"},\"sameAs\":[\"http:\/\/amandineledu.art\",\"https:\/\/www.facebook.com\/animAmandine\"]}]}<\/script>\n<!-- \/ Yoast SEO plugin. -->","yoast_head_json":{"title":"Tissus","description":"Amandine Le Du - Artiste nantaise - Peinture et art num\u00e9rique","robots":{"index":"index","follow":"follow","max-snippet":"max-snippet:-1","max-image-preview":"max-image-preview:large","max-video-preview":"max-video-preview:-1"},"canonical":"https:\/\/amandineledu.art\/en\/acryliques\/tissus\/","og_locale":"en_US","og_type":"article","og_title":"Tissus","og_description":"Amandine Le Du - Artiste nantaise - Peinture et art num\u00e9rique","og_url":"https:\/\/amandineledu.art\/en\/acryliques\/tissus\/","og_site_name":"Amandine Le Du","article_publisher":"https:\/\/www.facebook.com\/animAmandine","article_modified_time":"2017-03-29T16:40:28+00:00","og_image":[{"url":"https:\/\/amandineledu.art\/wp-content\/uploads\/2016\/04\/malamok-366x366.jpg","type":"","width":"","height":""}],"twitter_card":"summary_large_image","schema":{"@context":"https:\/\/schema.org","@graph":[{"@type":"WebPage","@id":"https:\/\/amandineledu.art\/en\/acryliques\/tissus\/","url":"https:\/\/amandineledu.art\/en\/acryliques\/tissus\/","name":"Tissus","isPartOf":{"@id":"https:\/\/amandineledu.art\/#website"},"datePublished":"2014-09-25T16:50:08+00:00","dateModified":"2017-03-29T16:40:28+00:00","description":"Amandine Le Du - Artiste nantaise - Peinture et art num\u00e9rique","breadcrumb":{"@id":"https:\/\/amandineledu.art\/en\/acryliques\/tissus\/#breadcrumb"},"inLanguage":"en-US","potentialAction":[{"@type":"ReadAction","target":["https:\/\/amandineledu.art\/en\/acryliques\/tissus\/"]}]},{"@type":"BreadcrumbList","@id":"https:\/\/amandineledu.art\/en\/acryliques\/tissus\/#breadcrumb","itemListElement":[{"@type":"ListItem","position":1,"name":"Accueil","item":"https:\/\/amandineledu.art\/"},{"@type":"ListItem","position":2,"name":"PEINTURE","item":"https:\/\/amandineledu.art\/acryliques\/"},{"@type":"ListItem","position":3,"name":"TISSUES"}]},{"@type":"WebSite","@id":"https:\/\/amandineledu.art\/#website","url":"https:\/\/amandineledu.art\/","name":"Amandine Le Du","description":"Artiste peintre - Atelier \u00e0 Pornichet","publisher":{"@id":"https:\/\/amandineledu.art\/#\/schema\/person\/47d032a4b9e8aef51cf3342ba9d2d5a4"},"potentialAction":[{"@type":"SearchAction","target":{"@type":"EntryPoint","urlTemplate":"https:\/\/amandineledu.art\/?s={search_term_string}"},"query-input":{"@type":"PropertyValueSpecification","valueRequired":true,"valueName":"search_term_string"}}],"inLanguage":"en-US"},{"@type":["Person","Organization"],"@id":"https:\/\/amandineledu.art\/#\/schema\/person\/47d032a4b9e8aef51cf3342ba9d2d5a4","name":"amandine","image":{"@type":"ImageObject","inLanguage":"en-US","@id":"https:\/\/amandineledu.art\/#\/schema\/person\/image\/","url":"https:\/\/amandineledu.art\/wp-content\/uploads\/2015\/11\/HD15.jpg","contentUrl":"https:\/\/amandineledu.art\/wp-content\/uploads\/2015\/11\/HD15.jpg","width":900,"height":900,"caption":"amandine"},"logo":{"@id":"https:\/\/amandineledu.art\/#\/schema\/person\/image\/"},"sameAs":["http:\/\/amandineledu.art","https:\/\/www.facebook.com\/animAmandine"]}]}},"_links":{"self":[{"href":"https:\/\/amandineledu.art\/en\/wp-json\/wp\/v2\/pages\/798","targetHints":{"allow":["GET"]}}],"collection":[{"href":"https:\/\/amandineledu.art\/en\/wp-json\/wp\/v2\/pages"}],"about":[{"href":"https:\/\/amandineledu.art\/en\/wp-json\/wp\/v2\/types\/page"}],"author":[{"embeddable":true,"href":"https:\/\/amandineledu.art\/en\/wp-json\/wp\/v2\/users\/61"}],"replies":[{"embeddable":true,"href":"https:\/\/amandineledu.art\/en\/wp-json\/wp\/v2\/comments?post=798"}],"version-history":[{"count":16,"href":"https:\/\/amandineledu.art\/en\/wp-json\/wp\/v2\/pages\/798\/revisions"}],"predecessor-version":[{"id":1961,"href":"https:\/\/amandineledu.art\/en\/wp-json\/wp\/v2\/pages\/798\/revisions\/1961"}],"up":[{"embeddable":true,"href":"https:\/\/amandineledu.art\/en\/wp-json\/wp\/v2\/pages\/28"}],"wp:attachment":[{"href":"https:\/\/amandineledu.art\/en\/wp-json\/wp\/v2\/media?parent=798"}],"curies":[{"name":"wp","href":"https:\/\/api.w.org\/{rel}","templated":true}]}}