{"id":667,"date":"2014-09-19T15:57:40","date_gmt":"2014-09-19T13:57:40","guid":{"rendered":"http:\/\/oasart-images.com\/?page_id=667"},"modified":"2021-03-10T17:05:26","modified_gmt":"2021-03-10T16:05:26","slug":"racines-carrees","status":"publish","type":"page","link":"https:\/\/amandineledu.art\/en\/acryliques\/racines-carrees\/","title":{"rendered":"RACINES CARR\u00c9ES"},"content":{"rendered":"<p>&nbsp;<br \/>\n<span style=\"color: #1e73be;\"><em>La m\u00e9moire, c\u2019est l&#8217;imagination \u00e0 l&#8217;envers<\/em><\/span><br \/>\n<span style=\"color: #333399;\">Daniel Pennac<\/span><\/p>\n<div id=\"kad-wp-gallery58\" class=\"kad-wp-gallery kad-light-wp-gallery clearfix kt-gallery-column-3 rowtight\"><div class=\"tcol-lg-4 tcol-md-4 tcol-sm-4 tcol-xs-6 tcol-ss-12 g_item\"><div class=\"grid_item kad_gallery_fade_in gallery_item\"><a href=\"https:\/\/amandineledu.art\/wp-content\/uploads\/2014\/02\/canevas_amandineledu.art_.jpg\" data-rel=\"lightbox\" class=\"lightboxhover\"><img loading=\"lazy\" decoding=\"async\" src=\"https:\/\/amandineledu.art\/wp-content\/uploads\/2014\/02\/canevas_amandineledu.art_-400x400.jpg\" width=\"400\" height=\"400\" alt=\"&lt;br&gt;CANEVAS &lt;span style=&#039;color: #99AEC0&#039;&gt;- RACINE CARR\u00c9E&lt;\/span&gt;&lt;br&gt;\n&lt;span style=&#039;color: #5E7C98&#039;&gt;Technique mixte sur toile - 60 x 60 cm&lt;\/span&gt;&lt;br\/&gt;&lt;em&gt;&lt;span style=&#039;color: #FF0000;font-size: 10px;&#039;&gt;VENDUE&lt;\/span&gt;&lt;\/em&gt;&lt;br\/&gt;&lt;br&gt;\" srcset=\"https:\/\/amandineledu.art\/wp-content\/uploads\/2014\/02\/canevas_amandineledu.art_-400x400.jpg 400w, https:\/\/amandineledu.art\/wp-content\/uploads\/2014\/02\/canevas_amandineledu.art_-150x150.jpg 150w, https:\/\/amandineledu.art\/wp-content\/uploads\/2014\/02\/canevas_amandineledu.art_-300x300.jpg 300w, https:\/\/amandineledu.art\/wp-content\/uploads\/2014\/02\/canevas_amandineledu.art_-768x768.jpg 768w, https:\/\/amandineledu.art\/wp-content\/uploads\/2014\/02\/canevas_amandineledu.art_-800x800.jpg 800w, https:\/\/amandineledu.art\/wp-content\/uploads\/2014\/02\/canevas_amandineledu.art_-600x600.jpg 600w, https:\/\/amandineledu.art\/wp-content\/uploads\/2014\/02\/canevas_amandineledu.art_.jpg 900w\" sizes=\"auto, (max-width: 400px) 100vw, 400px\" class=\"light-dropshaddow\"\/><\/a><\/div><\/div><div class=\"tcol-lg-4 tcol-md-4 tcol-sm-4 tcol-xs-6 tcol-ss-12 g_item\"><div class=\"grid_item kad_gallery_fade_in gallery_item\"><a href=\"https:\/\/amandineledu.art\/wp-content\/uploads\/2019\/11\/le_passeur_amandineledu.art_.jpg\" data-rel=\"lightbox\" class=\"lightboxhover\"><img loading=\"lazy\" decoding=\"async\" src=\"https:\/\/amandineledu.art\/wp-content\/uploads\/2019\/11\/le_passeur_amandineledu.art_-400x400.jpg\" width=\"400\" height=\"400\" alt=\"&lt;br&gt;THE FERRYMAN &lt;span style=&#039;color: #99AEC0&#039;&gt;- SQUARE ROOT&lt;\/span&gt;&lt;br&gt;\n&lt;span style=&#039;color: #5E7C98&#039;&gt;Acrylic paint on canvas - 80 x 80 cm&lt;\/span&gt;&lt;br\/&gt;&lt;em&gt;&lt;span style=&#039;color: #FF0000;font-size: 10px;&#039;&gt;SOLD&lt;\/span&gt;&lt;\/em&gt;&lt;br&gt;&lt;br&gt;\" srcset=\"https:\/\/amandineledu.art\/wp-content\/uploads\/2019\/11\/le_passeur_amandineledu.art_-400x400.jpg 400w, https:\/\/amandineledu.art\/wp-content\/uploads\/2019\/11\/le_passeur_amandineledu.art_-150x150.jpg 150w, https:\/\/amandineledu.art\/wp-content\/uploads\/2019\/11\/le_passeur_amandineledu.art_-300x300.jpg 300w, https:\/\/amandineledu.art\/wp-content\/uploads\/2019\/11\/le_passeur_amandineledu.art_-768x768.jpg 768w, https:\/\/amandineledu.art\/wp-content\/uploads\/2019\/11\/le_passeur_amandineledu.art_-800x800.jpg 800w, https:\/\/amandineledu.art\/wp-content\/uploads\/2019\/11\/le_passeur_amandineledu.art_-600x600.jpg 600w, https:\/\/amandineledu.art\/wp-content\/uploads\/2019\/11\/le_passeur_amandineledu.art_.jpg 900w\" sizes=\"auto, (max-width: 400px) 100vw, 400px\" class=\"light-dropshaddow\"\/><\/a><\/div><\/div><div class=\"tcol-lg-4 tcol-md-4 tcol-sm-4 tcol-xs-6 tcol-ss-12 g_item\"><div class=\"grid_item kad_gallery_fade_in gallery_item\"><a href=\"https:\/\/amandineledu.art\/wp-content\/uploads\/2019\/09\/jack_et_la_peche_miraculeuse_amandineledu.art_.jpg\" data-rel=\"lightbox\" class=\"lightboxhover\"><img loading=\"lazy\" decoding=\"async\" src=\"https:\/\/amandineledu.art\/wp-content\/uploads\/2019\/09\/jack_et_la_peche_miraculeuse_amandineledu.art_-400x400.jpg\" width=\"400\" height=\"400\" alt=\"&lt;br&gt;JACK AND THE MIRACULOUS FISHING &lt;span style=&#039;color: #99AEC0&#039;&gt;- SQUARE ROOT&lt;\/span&gt;&lt;br&gt;\n&lt;span style=&#039;color: #5E7C98&#039;&gt;Acrylic paint on canvas - 70 x 70 cm&lt;\/span&gt;&lt;br\/&gt;&lt;em&gt;&lt;span style=&#039;color: #FF0000;font-size: 10px;&#039;&gt;SOLD&lt;\/span&gt;&lt;\/em&gt;&lt;br&gt;&lt;br&gt;\" srcset=\"https:\/\/amandineledu.art\/wp-content\/uploads\/2019\/09\/jack_et_la_peche_miraculeuse_amandineledu.art_-400x400.jpg 400w, https:\/\/amandineledu.art\/wp-content\/uploads\/2019\/09\/jack_et_la_peche_miraculeuse_amandineledu.art_-150x150.jpg 150w, https:\/\/amandineledu.art\/wp-content\/uploads\/2019\/09\/jack_et_la_peche_miraculeuse_amandineledu.art_-300x300.jpg 300w, https:\/\/amandineledu.art\/wp-content\/uploads\/2019\/09\/jack_et_la_peche_miraculeuse_amandineledu.art_-768x768.jpg 768w, https:\/\/amandineledu.art\/wp-content\/uploads\/2019\/09\/jack_et_la_peche_miraculeuse_amandineledu.art_-800x800.jpg 800w, https:\/\/amandineledu.art\/wp-content\/uploads\/2019\/09\/jack_et_la_peche_miraculeuse_amandineledu.art_-600x600.jpg 600w, https:\/\/amandineledu.art\/wp-content\/uploads\/2019\/09\/jack_et_la_peche_miraculeuse_amandineledu.art_.jpg 900w\" sizes=\"auto, (max-width: 400px) 100vw, 400px\" class=\"light-dropshaddow\"\/><\/a><\/div><\/div><div class=\"tcol-lg-4 tcol-md-4 tcol-sm-4 tcol-xs-6 tcol-ss-12 g_item\"><div class=\"grid_item kad_gallery_fade_in gallery_item\"><a href=\"https:\/\/amandineledu.art\/wp-content\/uploads\/2019\/09\/ombre_porte_amandineledu.art_.jpg\" data-rel=\"lightbox\" class=\"lightboxhover\"><img loading=\"lazy\" decoding=\"async\" src=\"https:\/\/amandineledu.art\/wp-content\/uploads\/2019\/09\/ombre_porte_amandineledu.art_-400x400.jpg\" width=\"400\" height=\"400\" alt=\"&lt;br&gt;DROP SHADOW &lt;span style=&#039;color: #99AEC0&#039;&gt;- SQUARE ROOT&lt;\/span&gt;&lt;br&gt;\n&lt;span style=&#039;color: #5E7C98&#039;&gt;Acrylic paint on metal - 40 x 40 cm&lt;\/span&gt;&lt;br\/&gt;&lt;em&gt;&lt;span style=&#039;color: #FF0000;font-size: 10px;&#039;&gt;SOLD&lt;\/span&gt;&lt;\/em&gt;&lt;br&gt;&lt;br&gt;\" srcset=\"https:\/\/amandineledu.art\/wp-content\/uploads\/2019\/09\/ombre_porte_amandineledu.art_-400x400.jpg 400w, https:\/\/amandineledu.art\/wp-content\/uploads\/2019\/09\/ombre_porte_amandineledu.art_-150x150.jpg 150w, https:\/\/amandineledu.art\/wp-content\/uploads\/2019\/09\/ombre_porte_amandineledu.art_-300x300.jpg 300w, https:\/\/amandineledu.art\/wp-content\/uploads\/2019\/09\/ombre_porte_amandineledu.art_-768x768.jpg 768w, https:\/\/amandineledu.art\/wp-content\/uploads\/2019\/09\/ombre_porte_amandineledu.art_-800x800.jpg 800w, https:\/\/amandineledu.art\/wp-content\/uploads\/2019\/09\/ombre_porte_amandineledu.art_-600x600.jpg 600w, https:\/\/amandineledu.art\/wp-content\/uploads\/2019\/09\/ombre_porte_amandineledu.art_.jpg 900w\" sizes=\"auto, (max-width: 400px) 100vw, 400px\" class=\"light-dropshaddow\"\/><\/a><\/div><\/div><div class=\"tcol-lg-4 tcol-md-4 tcol-sm-4 tcol-xs-6 tcol-ss-12 g_item\"><div class=\"grid_item kad_gallery_fade_in gallery_item\"><a href=\"https:\/\/amandineledu.art\/wp-content\/uploads\/2019\/08\/naissance_d_une_comete_amandineledu.art_.jpg\" data-rel=\"lightbox\" class=\"lightboxhover\"><img loading=\"lazy\" decoding=\"async\" src=\"https:\/\/amandineledu.art\/wp-content\/uploads\/2019\/08\/naissance_d_une_comete_amandineledu.art_-400x400.jpg\" width=\"400\" height=\"400\" alt=\"&lt;br&gt;NAISSANCE D&#039;UNE COM\u00c8TE&lt;span style=&#039;color: #5E7C98&#039;&gt; - 20 x 20 cm, technique mixte sur carton toil\u00e9 -&lt;\/span&gt; &lt;em&gt;&lt;span style=&#039;color: #00CB65;font-size: 10px;&#039;&gt;DISPONIBLE \u00e0 l&#039;Atelier de Pornichet - 290 \u20ac&lt;\/span&gt;&lt;\/em&gt;&lt;br&gt;&lt;br&gt;\" srcset=\"https:\/\/amandineledu.art\/wp-content\/uploads\/2019\/08\/naissance_d_une_comete_amandineledu.art_-400x400.jpg 400w, https:\/\/amandineledu.art\/wp-content\/uploads\/2019\/08\/naissance_d_une_comete_amandineledu.art_-150x150.jpg 150w, https:\/\/amandineledu.art\/wp-content\/uploads\/2019\/08\/naissance_d_une_comete_amandineledu.art_-300x300.jpg 300w, https:\/\/amandineledu.art\/wp-content\/uploads\/2019\/08\/naissance_d_une_comete_amandineledu.art_-768x768.jpg 768w, https:\/\/amandineledu.art\/wp-content\/uploads\/2019\/08\/naissance_d_une_comete_amandineledu.art_-800x800.jpg 800w, https:\/\/amandineledu.art\/wp-content\/uploads\/2019\/08\/naissance_d_une_comete_amandineledu.art_-600x600.jpg 600w, https:\/\/amandineledu.art\/wp-content\/uploads\/2019\/08\/naissance_d_une_comete_amandineledu.art_.jpg 900w\" sizes=\"auto, (max-width: 400px) 100vw, 400px\" class=\"light-dropshaddow\"\/><\/a><\/div><\/div><div class=\"tcol-lg-4 tcol-md-4 tcol-sm-4 tcol-xs-6 tcol-ss-12 g_item\"><div class=\"grid_item kad_gallery_fade_in gallery_item\"><a href=\"https:\/\/amandineledu.art\/wp-content\/uploads\/2014\/10\/racines_fil1.jpg\" data-rel=\"lightbox\" class=\"lightboxhover\"><img loading=\"lazy\" decoding=\"async\" src=\"https:\/\/amandineledu.art\/wp-content\/uploads\/2014\/10\/racines_fil1-400x400.jpg\" width=\"400\" height=\"400\" alt=\"&lt;br&gt;RACINES &lt;span style=&#039;color: #5E7C98&#039;&gt;- 1m x 1m, acrylique sur toile -&lt;\/span&gt; &lt;em&gt;&lt;span style=&#039;color: #FF0000;font-size: 10px;&#039;&gt;VENDUE&lt;\/span&gt;&lt;\/em&gt;&lt;br&gt;&lt;br&gt;\n\n&lt;span style=&#039;color: #1e73be;&#039;&gt;&lt;em&gt;Les racines des mots sont-elles carr\u00e9es ?&lt;\/em&gt;&lt;\/span&gt;&lt;br&gt;\n&lt;span style=&#039;color: #333399;&#039;&gt;Eug\u00e8ne Ionesco&lt;\/span&gt;&lt;br&gt;&lt;br&gt;\" srcset=\"https:\/\/amandineledu.art\/wp-content\/uploads\/2014\/10\/racines_fil1-400x400.jpg 400w, https:\/\/amandineledu.art\/wp-content\/uploads\/2014\/10\/racines_fil1-150x150.jpg 150w, https:\/\/amandineledu.art\/wp-content\/uploads\/2014\/10\/racines_fil1-600x600.jpg 600w, https:\/\/amandineledu.art\/wp-content\/uploads\/2014\/10\/racines_fil1-300x300.jpg 300w, https:\/\/amandineledu.art\/wp-content\/uploads\/2014\/10\/racines_fil1-800x800.jpg 800w\" sizes=\"auto, (max-width: 400px) 100vw, 400px\" class=\"light-dropshaddow\"\/><\/a><\/div><\/div><div class=\"tcol-lg-4 tcol-md-4 tcol-sm-4 tcol-xs-6 tcol-ss-12 g_item\"><div class=\"grid_item kad_gallery_fade_in gallery_item\"><a href=\"https:\/\/amandineledu.art\/wp-content\/uploads\/2014\/10\/kairos_fil.jpg\" data-rel=\"lightbox\" class=\"lightboxhover\"><img loading=\"lazy\" decoding=\"async\" src=\"https:\/\/amandineledu.art\/wp-content\/uploads\/2014\/10\/kairos_fil-400x400.jpg\" width=\"400\" height=\"400\" alt=\"&lt;br&gt;KAIROS &lt;span style=&#039;color: #5E7C98&#039;&gt;- 80 cm x 80 cm, acrylique sur toile -&lt;\/span&gt; &lt;em&gt;&lt;span style=&#039;color: #FF0000;font-size: 10px;&#039;&gt;VENDUE&lt;\/span&gt;&lt;\/em&gt;&lt;br&gt;&lt;br&gt;\n\n&lt;span style=&#039;color: #1e73be;&#039;&gt;&lt;em&gt;Une rencontre, c&#039;est quelque chose de d\u00e9cisif, une porte, une fracture, un instant qui marque le temps et cr\u00e9e un avant et un apr\u00e8s.&lt;\/em&gt;&lt;\/span&gt;&lt;br&gt;\n&lt;span style=&#039;color: #333399;&#039;&gt;\u00c9ric-Emmanuel Schmitt&lt;\/span&gt;&lt;br&gt;&lt;br&gt;\" srcset=\"https:\/\/amandineledu.art\/wp-content\/uploads\/2014\/10\/kairos_fil-400x400.jpg 400w, https:\/\/amandineledu.art\/wp-content\/uploads\/2014\/10\/kairos_fil-150x150.jpg 150w, https:\/\/amandineledu.art\/wp-content\/uploads\/2014\/10\/kairos_fil-600x600.jpg 600w, https:\/\/amandineledu.art\/wp-content\/uploads\/2014\/10\/kairos_fil-300x300.jpg 300w, https:\/\/amandineledu.art\/wp-content\/uploads\/2014\/10\/kairos_fil-800x800.jpg 800w\" sizes=\"auto, (max-width: 400px) 100vw, 400px\" class=\"light-dropshaddow\"\/><\/a><\/div><\/div><div class=\"tcol-lg-4 tcol-md-4 tcol-sm-4 tcol-xs-6 tcol-ss-12 g_item\"><div class=\"grid_item kad_gallery_fade_in gallery_item\"><a href=\"https:\/\/amandineledu.art\/wp-content\/uploads\/2014\/09\/tete_noire.jpg\" data-rel=\"lightbox\" class=\"lightboxhover\"><img loading=\"lazy\" decoding=\"async\" src=\"https:\/\/amandineledu.art\/wp-content\/uploads\/2014\/09\/tete_noire-400x400.jpg\" width=\"400\" height=\"400\" alt=\"&lt;br&gt;T\u00caTE NOIRE &lt;span style=&#039;color: #5E7C98&#039;&gt;- 80cm x 80cm, acrylique, tissu et fil sur toile -&lt;\/span&gt; &lt;em&gt;&lt;span style=&#039;color: #FF0000;font-size: 10px;&#039;&gt;VENDUE&lt;\/span&gt;&lt;\/em&gt;&lt;br&gt;&lt;br&gt;\" srcset=\"https:\/\/amandineledu.art\/wp-content\/uploads\/2014\/09\/tete_noire-400x400.jpg 400w, https:\/\/amandineledu.art\/wp-content\/uploads\/2014\/09\/tete_noire-150x150.jpg 150w, https:\/\/amandineledu.art\/wp-content\/uploads\/2014\/09\/tete_noire-600x600.jpg 600w, https:\/\/amandineledu.art\/wp-content\/uploads\/2014\/09\/tete_noire-300x300.jpg 300w, https:\/\/amandineledu.art\/wp-content\/uploads\/2014\/09\/tete_noire-800x800.jpg 800w\" sizes=\"auto, (max-width: 400px) 100vw, 400px\" class=\"light-dropshaddow\"\/><\/a><\/div><\/div><div class=\"tcol-lg-4 tcol-md-4 tcol-sm-4 tcol-xs-6 tcol-ss-12 g_item\"><div class=\"grid_item kad_gallery_fade_in gallery_item\"><a href=\"https:\/\/amandineledu.art\/wp-content\/uploads\/2014\/09\/le_roi_dragon.jpg\" data-rel=\"lightbox\" class=\"lightboxhover\"><img loading=\"lazy\" decoding=\"async\" src=\"https:\/\/amandineledu.art\/wp-content\/uploads\/2014\/09\/le_roi_dragon-400x400.jpg\" width=\"400\" height=\"400\" alt=\"&lt;br&gt;LE ROI DRAGON &lt;span style=&#039;color: #5E7C98&#039;&gt;- 80cm x 80cm, acrylique, papier et vernis sur toile -&lt;\/span&gt; &lt;em&gt;&lt;span style=&#039;color: #00CB65;font-size: 10px;&#039;&gt;DISPONIBLE&lt;\/span&gt;&lt;\/em&gt;&lt;br&gt;&lt;br&gt;\" srcset=\"https:\/\/amandineledu.art\/wp-content\/uploads\/2014\/09\/le_roi_dragon-400x400.jpg 400w, https:\/\/amandineledu.art\/wp-content\/uploads\/2014\/09\/le_roi_dragon-150x150.jpg 150w, https:\/\/amandineledu.art\/wp-content\/uploads\/2014\/09\/le_roi_dragon-600x600.jpg 600w, https:\/\/amandineledu.art\/wp-content\/uploads\/2014\/09\/le_roi_dragon-300x300.jpg 300w, https:\/\/amandineledu.art\/wp-content\/uploads\/2014\/09\/le_roi_dragon-800x800.jpg 800w\" sizes=\"auto, (max-width: 400px) 100vw, 400px\" class=\"light-dropshaddow\"\/><\/a><\/div><\/div><div class=\"tcol-lg-4 tcol-md-4 tcol-sm-4 tcol-xs-6 tcol-ss-12 g_item\"><div class=\"grid_item kad_gallery_fade_in gallery_item\"><a href=\"https:\/\/amandineledu.art\/wp-content\/uploads\/2014\/09\/le_voyageur_imprudent.jpg\" data-rel=\"lightbox\" class=\"lightboxhover\"><img loading=\"lazy\" decoding=\"async\" src=\"https:\/\/amandineledu.art\/wp-content\/uploads\/2014\/09\/le_voyageur_imprudent-400x400.jpg\" width=\"400\" height=\"400\" alt=\"&lt;br&gt;LE VOYAGEUR IMPRUDENT &lt;span style=&#039;color: #5E7C98&#039;&gt;- 80cm x 80cm, acrylique et crayon sur toile-&lt;\/span&gt; &lt;em&gt;&lt;span style=&#039;color: #FF0000;font-size: 10px;&#039;&gt;VENDUE&lt;\/span&gt;&lt;\/em&gt;&lt;br&gt;&lt;br&gt;\n\n&lt;span style=&#039;color: #1e73be;&#039;&gt;&lt;em&gt;- C&#039;est passionnant ! dit-il. Vous n&#039;avez pas appuy\u00e9 \u00e0 fond sur le bouton. Vous avez re\u00e7u une impulsion trop faible et quitt\u00e9 votre temps sans pouvoir en atteindre un autre ! Vous \u00eates rest\u00e9 coinc\u00e9 entre le pr\u00e9sent et le futur ! En somme, vous \u00e9tiez au conditionnel !&lt;\/em&gt;&lt;\/span&gt;&lt;br&gt;\n&lt;span style=&#039;color: #333399;&#039;&gt;Ren\u00e9 Barjavel&lt;\/span&gt;&lt;br&gt;&lt;br&gt;\" srcset=\"https:\/\/amandineledu.art\/wp-content\/uploads\/2014\/09\/le_voyageur_imprudent-400x400.jpg 400w, https:\/\/amandineledu.art\/wp-content\/uploads\/2014\/09\/le_voyageur_imprudent-150x150.jpg 150w, https:\/\/amandineledu.art\/wp-content\/uploads\/2014\/09\/le_voyageur_imprudent-600x600.jpg 600w, https:\/\/amandineledu.art\/wp-content\/uploads\/2014\/09\/le_voyageur_imprudent-300x300.jpg 300w, https:\/\/amandineledu.art\/wp-content\/uploads\/2014\/09\/le_voyageur_imprudent-800x800.jpg 800w\" sizes=\"auto, (max-width: 400px) 100vw, 400px\" class=\"light-dropshaddow\"\/><\/a><\/div><\/div><div class=\"tcol-lg-4 tcol-md-4 tcol-sm-4 tcol-xs-6 tcol-ss-12 g_item\"><div class=\"grid_item kad_gallery_fade_in gallery_item\"><a href=\"https:\/\/amandineledu.art\/wp-content\/uploads\/2014\/02\/grenade.jpg\" data-rel=\"lightbox\" class=\"lightboxhover\"><img loading=\"lazy\" decoding=\"async\" src=\"https:\/\/amandineledu.art\/wp-content\/uploads\/2014\/02\/grenade-400x400.jpg\" width=\"400\" height=\"400\" alt=\"&lt;br&gt;GRENADE &lt;span style=&#039;color: #5E7C98&#039;&gt;- 80 cm x 80 cm, acrylique sur toile -&lt;\/span&gt; &lt;em&gt;&lt;span style=&#039;color: #FF0000;font-size: 10px;&#039;&gt;VENDUE&lt;\/span&gt;&lt;\/em&gt;&lt;br&gt;&lt;br&gt;\" srcset=\"https:\/\/amandineledu.art\/wp-content\/uploads\/2014\/02\/grenade-400x400.jpg 400w, https:\/\/amandineledu.art\/wp-content\/uploads\/2014\/02\/grenade-150x150.jpg 150w, https:\/\/amandineledu.art\/wp-content\/uploads\/2014\/02\/grenade-300x300.jpg 300w, https:\/\/amandineledu.art\/wp-content\/uploads\/2014\/02\/grenade-600x600.jpg 600w, https:\/\/amandineledu.art\/wp-content\/uploads\/2014\/02\/grenade-800x800.jpg 800w, https:\/\/amandineledu.art\/wp-content\/uploads\/2014\/02\/grenade.jpg 846w\" sizes=\"auto, (max-width: 400px) 100vw, 400px\" class=\"light-dropshaddow\"\/><\/a><\/div><\/div><div class=\"tcol-lg-4 tcol-md-4 tcol-sm-4 tcol-xs-6 tcol-ss-12 g_item\"><div class=\"grid_item kad_gallery_fade_in gallery_item\"><a href=\"https:\/\/amandineledu.art\/wp-content\/uploads\/2015\/10\/semis_lunaire.jpg\" data-rel=\"lightbox\" class=\"lightboxhover\"><img loading=\"lazy\" decoding=\"async\" src=\"https:\/\/amandineledu.art\/wp-content\/uploads\/2015\/10\/semis_lunaire-400x400.jpg\" width=\"400\" height=\"400\" alt=\"&lt;br&gt;SEMIS LUNAIRE &lt;span style=&#039;color: #5E7C98&#039;&gt;- 80 cm x 80 cm, technique mixte sur toile -&lt;\/span&gt; &lt;em&gt;&lt;span style=&#039;color: #FF0000;font-size: 10px;&#039;&gt;VENDUE&lt;\/span&gt;&lt;\/em&gt;&lt;br&gt;&lt;br&gt;\" srcset=\"https:\/\/amandineledu.art\/wp-content\/uploads\/2015\/10\/semis_lunaire-400x400.jpg 400w, https:\/\/amandineledu.art\/wp-content\/uploads\/2015\/10\/semis_lunaire-150x150.jpg 150w, https:\/\/amandineledu.art\/wp-content\/uploads\/2015\/10\/semis_lunaire-300x300.jpg 300w, https:\/\/amandineledu.art\/wp-content\/uploads\/2015\/10\/semis_lunaire-800x800.jpg 800w, https:\/\/amandineledu.art\/wp-content\/uploads\/2015\/10\/semis_lunaire-600x600.jpg 600w, https:\/\/amandineledu.art\/wp-content\/uploads\/2015\/10\/semis_lunaire.jpg 900w\" sizes=\"auto, (max-width: 400px) 100vw, 400px\" class=\"light-dropshaddow\"\/><\/a><\/div><\/div><\/div>\n","protected":false},"excerpt":{"rendered":"<p>&nbsp; La m\u00e9moire, c\u2019est l&#8217;imagination \u00e0 l&#8217;envers Daniel Pennac<\/p>\n","protected":false},"author":61,"featured_media":0,"parent":28,"menu_order":0,"comment_status":"open","ping_status":"open","template":"page-fullwidth.php","meta":{"kt_blocks_editor_width":"","_s2mail":"yes","footnotes":""},"class_list":["post-667","page","type-page","status-publish","hentry"],"yoast_head":"<!-- This site is optimized with the Yoast SEO plugin v25.8 - https:\/\/yoast.com\/wordpress\/plugins\/seo\/ -->\n<title>Racines carr\u00e9es<\/title>\n<meta name=\"description\" content=\"Amandine Le Du - Artiste nantaise - Peinture et art num\u00e9rique\" \/>\n<meta name=\"robots\" content=\"index, follow, max-snippet:-1, max-image-preview:large, max-video-preview:-1\" \/>\n<link rel=\"canonical\" href=\"https:\/\/amandineledu.art\/acryliques\/racines-carrees\/\" \/>\n<meta property=\"og:locale\" content=\"en_US\" \/>\n<meta property=\"og:type\" content=\"article\" \/>\n<meta property=\"og:title\" content=\"Racines carr\u00e9es\" \/>\n<meta property=\"og:description\" content=\"Amandine Le Du - Artiste nantaise - Peinture et art num\u00e9rique\" \/>\n<meta property=\"og:url\" content=\"https:\/\/amandineledu.art\/acryliques\/racines-carrees\/\" \/>\n<meta property=\"og:site_name\" content=\"Amandine Le Du\" \/>\n<meta property=\"article:publisher\" content=\"https:\/\/www.facebook.com\/animAmandine\" \/>\n<meta property=\"article:modified_time\" content=\"2021-03-10T16:05:26+00:00\" \/>\n<meta property=\"og:image\" content=\"https:\/\/amandineledu.art\/wp-content\/uploads\/2014\/02\/canevas_amandineledu.art_-366x366.jpg\" \/>\n<meta name=\"twitter:card\" content=\"summary_large_image\" \/>\n<script type=\"application\/ld+json\" class=\"yoast-schema-graph\">{\"@context\":\"https:\/\/schema.org\",\"@graph\":[{\"@type\":\"WebPage\",\"@id\":\"https:\/\/amandineledu.art\/acryliques\/racines-carrees\/\",\"url\":\"https:\/\/amandineledu.art\/acryliques\/racines-carrees\/\",\"name\":\"Racines carr\u00e9es\",\"isPartOf\":{\"@id\":\"https:\/\/amandineledu.art\/#website\"},\"datePublished\":\"2014-09-19T13:57:40+00:00\",\"dateModified\":\"2021-03-10T16:05:26+00:00\",\"description\":\"Amandine Le Du - Artiste nantaise - Peinture et art num\u00e9rique\",\"breadcrumb\":{\"@id\":\"https:\/\/amandineledu.art\/acryliques\/racines-carrees\/#breadcrumb\"},\"inLanguage\":\"en-US\",\"potentialAction\":[{\"@type\":\"ReadAction\",\"target\":[\"https:\/\/amandineledu.art\/acryliques\/racines-carrees\/\"]}]},{\"@type\":\"BreadcrumbList\",\"@id\":\"https:\/\/amandineledu.art\/acryliques\/racines-carrees\/#breadcrumb\",\"itemListElement\":[{\"@type\":\"ListItem\",\"position\":1,\"name\":\"Accueil\",\"item\":\"https:\/\/amandineledu.art\/\"},{\"@type\":\"ListItem\",\"position\":2,\"name\":\"PEINTURE\",\"item\":\"https:\/\/amandineledu.art\/acryliques\/\"},{\"@type\":\"ListItem\",\"position\":3,\"name\":\"RACINES CARR\u00c9ES\"}]},{\"@type\":\"WebSite\",\"@id\":\"https:\/\/amandineledu.art\/#website\",\"url\":\"https:\/\/amandineledu.art\/\",\"name\":\"Amandine Le Du\",\"description\":\"Artiste peintre - Atelier \u00e0 Pornichet\",\"publisher\":{\"@id\":\"https:\/\/amandineledu.art\/#\/schema\/person\/47d032a4b9e8aef51cf3342ba9d2d5a4\"},\"potentialAction\":[{\"@type\":\"SearchAction\",\"target\":{\"@type\":\"EntryPoint\",\"urlTemplate\":\"https:\/\/amandineledu.art\/?s={search_term_string}\"},\"query-input\":{\"@type\":\"PropertyValueSpecification\",\"valueRequired\":true,\"valueName\":\"search_term_string\"}}],\"inLanguage\":\"en-US\"},{\"@type\":[\"Person\",\"Organization\"],\"@id\":\"https:\/\/amandineledu.art\/#\/schema\/person\/47d032a4b9e8aef51cf3342ba9d2d5a4\",\"name\":\"amandine\",\"image\":{\"@type\":\"ImageObject\",\"inLanguage\":\"en-US\",\"@id\":\"https:\/\/amandineledu.art\/#\/schema\/person\/image\/\",\"url\":\"https:\/\/amandineledu.art\/wp-content\/uploads\/2015\/11\/HD15.jpg\",\"contentUrl\":\"https:\/\/amandineledu.art\/wp-content\/uploads\/2015\/11\/HD15.jpg\",\"width\":900,\"height\":900,\"caption\":\"amandine\"},\"logo\":{\"@id\":\"https:\/\/amandineledu.art\/#\/schema\/person\/image\/\"},\"sameAs\":[\"http:\/\/amandineledu.art\",\"https:\/\/www.facebook.com\/animAmandine\"]}]}<\/script>\n<!-- \/ Yoast SEO plugin. -->","yoast_head_json":{"title":"Racines carr\u00e9es","description":"Amandine Le Du - Artiste nantaise - Peinture et art num\u00e9rique","robots":{"index":"index","follow":"follow","max-snippet":"max-snippet:-1","max-image-preview":"max-image-preview:large","max-video-preview":"max-video-preview:-1"},"canonical":"https:\/\/amandineledu.art\/acryliques\/racines-carrees\/","og_locale":"en_US","og_type":"article","og_title":"Racines carr\u00e9es","og_description":"Amandine Le Du - Artiste nantaise - Peinture et art num\u00e9rique","og_url":"https:\/\/amandineledu.art\/acryliques\/racines-carrees\/","og_site_name":"Amandine Le Du","article_publisher":"https:\/\/www.facebook.com\/animAmandine","article_modified_time":"2021-03-10T16:05:26+00:00","og_image":[{"url":"https:\/\/amandineledu.art\/wp-content\/uploads\/2014\/02\/canevas_amandineledu.art_-366x366.jpg","type":"","width":"","height":""}],"twitter_card":"summary_large_image","schema":{"@context":"https:\/\/schema.org","@graph":[{"@type":"WebPage","@id":"https:\/\/amandineledu.art\/acryliques\/racines-carrees\/","url":"https:\/\/amandineledu.art\/acryliques\/racines-carrees\/","name":"Racines carr\u00e9es","isPartOf":{"@id":"https:\/\/amandineledu.art\/#website"},"datePublished":"2014-09-19T13:57:40+00:00","dateModified":"2021-03-10T16:05:26+00:00","description":"Amandine Le Du - Artiste nantaise - Peinture et art num\u00e9rique","breadcrumb":{"@id":"https:\/\/amandineledu.art\/acryliques\/racines-carrees\/#breadcrumb"},"inLanguage":"en-US","potentialAction":[{"@type":"ReadAction","target":["https:\/\/amandineledu.art\/acryliques\/racines-carrees\/"]}]},{"@type":"BreadcrumbList","@id":"https:\/\/amandineledu.art\/acryliques\/racines-carrees\/#breadcrumb","itemListElement":[{"@type":"ListItem","position":1,"name":"Accueil","item":"https:\/\/amandineledu.art\/"},{"@type":"ListItem","position":2,"name":"PEINTURE","item":"https:\/\/amandineledu.art\/acryliques\/"},{"@type":"ListItem","position":3,"name":"RACINES CARR\u00c9ES"}]},{"@type":"WebSite","@id":"https:\/\/amandineledu.art\/#website","url":"https:\/\/amandineledu.art\/","name":"Amandine Le Du","description":"Artiste peintre - Atelier \u00e0 Pornichet","publisher":{"@id":"https:\/\/amandineledu.art\/#\/schema\/person\/47d032a4b9e8aef51cf3342ba9d2d5a4"},"potentialAction":[{"@type":"SearchAction","target":{"@type":"EntryPoint","urlTemplate":"https:\/\/amandineledu.art\/?s={search_term_string}"},"query-input":{"@type":"PropertyValueSpecification","valueRequired":true,"valueName":"search_term_string"}}],"inLanguage":"en-US"},{"@type":["Person","Organization"],"@id":"https:\/\/amandineledu.art\/#\/schema\/person\/47d032a4b9e8aef51cf3342ba9d2d5a4","name":"amandine","image":{"@type":"ImageObject","inLanguage":"en-US","@id":"https:\/\/amandineledu.art\/#\/schema\/person\/image\/","url":"https:\/\/amandineledu.art\/wp-content\/uploads\/2015\/11\/HD15.jpg","contentUrl":"https:\/\/amandineledu.art\/wp-content\/uploads\/2015\/11\/HD15.jpg","width":900,"height":900,"caption":"amandine"},"logo":{"@id":"https:\/\/amandineledu.art\/#\/schema\/person\/image\/"},"sameAs":["http:\/\/amandineledu.art","https:\/\/www.facebook.com\/animAmandine"]}]}},"_links":{"self":[{"href":"https:\/\/amandineledu.art\/en\/wp-json\/wp\/v2\/pages\/667","targetHints":{"allow":["GET"]}}],"collection":[{"href":"https:\/\/amandineledu.art\/en\/wp-json\/wp\/v2\/pages"}],"about":[{"href":"https:\/\/amandineledu.art\/en\/wp-json\/wp\/v2\/types\/page"}],"author":[{"embeddable":true,"href":"https:\/\/amandineledu.art\/en\/wp-json\/wp\/v2\/users\/61"}],"replies":[{"embeddable":true,"href":"https:\/\/amandineledu.art\/en\/wp-json\/wp\/v2\/comments?post=667"}],"version-history":[{"count":17,"href":"https:\/\/amandineledu.art\/en\/wp-json\/wp\/v2\/pages\/667\/revisions"}],"predecessor-version":[{"id":2869,"href":"https:\/\/amandineledu.art\/en\/wp-json\/wp\/v2\/pages\/667\/revisions\/2869"}],"up":[{"embeddable":true,"href":"https:\/\/amandineledu.art\/en\/wp-json\/wp\/v2\/pages\/28"}],"wp:attachment":[{"href":"https:\/\/amandineledu.art\/en\/wp-json\/wp\/v2\/media?parent=667"}],"curies":[{"name":"wp","href":"https:\/\/api.w.org\/{rel}","templated":true}]}}