{"id":655,"date":"2014-09-19T15:35:36","date_gmt":"2014-09-19T13:35:36","guid":{"rendered":"http:\/\/oasart-images.com\/?page_id=655"},"modified":"2021-08-04T17:26:34","modified_gmt":"2021-08-04T15:26:34","slug":"poupees-de-cire","status":"publish","type":"page","link":"https:\/\/amandineledu.art\/en\/dessins\/poupees-de-cire\/","title":{"rendered":"WAX DOLLS"},"content":{"rendered":"<p>&nbsp;<br \/>\n<span style=\"color: #1e73be;\"><em>L\u2019art de peindre n\u2019est que l\u2019art d\u2019exprimer l\u2019invisible par le visible.<\/em><\/span><br \/>\n<span style=\"color: #333399;\">Eug\u00e8ne Fromentin<\/span><br \/>\n<div id=\"kad-wp-gallery55\" class=\"kad-wp-gallery kad-light-wp-gallery clearfix kt-gallery-column-3 rowtight\"><div class=\"tcol-lg-4 tcol-md-4 tcol-sm-4 tcol-xs-6 tcol-ss-12 g_item\"><div class=\"grid_item kad_gallery_fade_in gallery_item\"><a href=\"https:\/\/amandineledu.art\/wp-content\/uploads\/2021\/07\/canaveral_amandineledu.art_.jpg\" data-rel=\"lightbox\" class=\"lightboxhover\"><img loading=\"lazy\" decoding=\"async\" src=\"https:\/\/amandineledu.art\/wp-content\/uploads\/2021\/07\/canaveral_amandineledu.art_-400x400.jpg\" width=\"400\" height=\"400\" alt=\"&lt;br&gt;&lt;em&gt;CANAVERAL &lt;span style=&#039;color: #99AEC0&#039;&gt;- POUP\u00c9ES DE CIRE&lt;\/span&gt;&lt;\/em&gt;&lt;br&gt;\n&lt;span style=&#039;color: #5E7C98&#039;&gt;50x70 cm, technique mixte sur carton&lt;\/span&gt;&lt;br\/&gt;\nEn vente sur &lt;a href=&#039;https:\/\/amandineledu.art\/commande\/produit\/canaveral\/&#039; rel=&#039;noopener&#039; target=&#039;_blank&#039; class=&#039;btnjaune&#039;&gt;LA BOUTIQUE&lt;\/a&gt; en ligne&lt;br\/&gt;&lt;br\/&gt;\" srcset=\"https:\/\/amandineledu.art\/wp-content\/uploads\/2021\/07\/canaveral_amandineledu.art_-400x400.jpg 400w, https:\/\/amandineledu.art\/wp-content\/uploads\/2021\/07\/canaveral_amandineledu.art_-150x150.jpg 150w, https:\/\/amandineledu.art\/wp-content\/uploads\/2021\/07\/canaveral_amandineledu.art_-600x600.jpg 600w, https:\/\/amandineledu.art\/wp-content\/uploads\/2021\/07\/canaveral_amandineledu.art_-300x300.jpg 300w\" sizes=\"auto, (max-width: 400px) 100vw, 400px\" class=\"light-dropshaddow\"\/><\/a><\/div><\/div><div class=\"tcol-lg-4 tcol-md-4 tcol-sm-4 tcol-xs-6 tcol-ss-12 g_item\"><div class=\"grid_item kad_gallery_fade_in gallery_item\"><a href=\"https:\/\/amandineledu.art\/wp-content\/uploads\/2014\/09\/visite_medicale.jpg\" data-rel=\"lightbox\" class=\"lightboxhover\"><img loading=\"lazy\" decoding=\"async\" src=\"https:\/\/amandineledu.art\/wp-content\/uploads\/2014\/09\/visite_medicale-400x400.jpg\" width=\"400\" height=\"400\" alt=\"&lt;br&gt;VISITE M\u00c9DICALE &lt;span style=&#039;color: #5E7C98&#039;&gt;- Crayons gras et acrylique sur papier -&lt;\/span&gt; &lt;em&gt;&lt;span style=&#039;color: #00CB65;font-size: 10px;&#039;&gt;DISPONIBLE&lt;\/span&gt;&lt;\/em&gt;&lt;br&gt;&lt;br&gt;\" srcset=\"https:\/\/amandineledu.art\/wp-content\/uploads\/2014\/09\/visite_medicale-400x400.jpg 400w, https:\/\/amandineledu.art\/wp-content\/uploads\/2014\/09\/visite_medicale-150x150.jpg 150w, https:\/\/amandineledu.art\/wp-content\/uploads\/2014\/09\/visite_medicale-600x600.jpg 600w, https:\/\/amandineledu.art\/wp-content\/uploads\/2014\/09\/visite_medicale-300x300.jpg 300w, https:\/\/amandineledu.art\/wp-content\/uploads\/2014\/09\/visite_medicale-800x800.jpg 800w\" sizes=\"auto, (max-width: 400px) 100vw, 400px\" class=\"light-dropshaddow\"\/><\/a><\/div><\/div><div class=\"tcol-lg-4 tcol-md-4 tcol-sm-4 tcol-xs-6 tcol-ss-12 g_item\"><div class=\"grid_item kad_gallery_fade_in gallery_item\"><a href=\"https:\/\/amandineledu.art\/wp-content\/uploads\/2014\/09\/pelote_fil.jpg\" data-rel=\"lightbox\" class=\"lightboxhover\"><img loading=\"lazy\" decoding=\"async\" src=\"https:\/\/amandineledu.art\/wp-content\/uploads\/2014\/09\/pelote_fil-400x400.jpg\" width=\"400\" height=\"400\" alt=\"&lt;br&gt;PELOTE &lt;span style=&#039;color: #5E7C98&#039;&gt;- Pastels \u00e0 l&#039;huile, crayons et feutre sur papier -&lt;\/span&gt; &lt;em&gt;&lt;span style=&#039;color: #FF0000;font-size: 10px;&#039;&gt;VENDUE&lt;\/span&gt;&lt;\/em&gt;&lt;br&gt;&lt;br&gt;\" srcset=\"https:\/\/amandineledu.art\/wp-content\/uploads\/2014\/09\/pelote_fil-400x400.jpg 400w, https:\/\/amandineledu.art\/wp-content\/uploads\/2014\/09\/pelote_fil-150x150.jpg 150w, https:\/\/amandineledu.art\/wp-content\/uploads\/2014\/09\/pelote_fil-300x300.jpg 300w\" sizes=\"auto, (max-width: 400px) 100vw, 400px\" class=\"light-dropshaddow\"\/><\/a><\/div><\/div><div class=\"tcol-lg-4 tcol-md-4 tcol-sm-4 tcol-xs-6 tcol-ss-12 g_item\"><div class=\"grid_item kad_gallery_fade_in gallery_item\"><a href=\"https:\/\/amandineledu.art\/wp-content\/uploads\/2014\/09\/les_corps_entremeles_fil.jpg\" data-rel=\"lightbox\" class=\"lightboxhover\"><img loading=\"lazy\" decoding=\"async\" src=\"https:\/\/amandineledu.art\/wp-content\/uploads\/2014\/09\/les_corps_entremeles_fil-400x400.jpg\" width=\"400\" height=\"400\" alt=\"&lt;br&gt;LES CORPS ENTREM\u00caL\u00c9S &lt;span style=&#039;color: #5E7C98&#039;&gt;- Pastels \u00e0 l&#039;huile sur papier -&lt;\/span&gt; &lt;em&gt;&lt;span style=&#039;color: #FF0000;font-size: 10px;&#039;&gt;VENDUE&lt;\/span&gt;&lt;\/em&gt;&lt;br&gt;&lt;br&gt;\" srcset=\"https:\/\/amandineledu.art\/wp-content\/uploads\/2014\/09\/les_corps_entremeles_fil-400x400.jpg 400w, https:\/\/amandineledu.art\/wp-content\/uploads\/2014\/09\/les_corps_entremeles_fil-150x150.jpg 150w, https:\/\/amandineledu.art\/wp-content\/uploads\/2014\/09\/les_corps_entremeles_fil-600x600.jpg 600w, https:\/\/amandineledu.art\/wp-content\/uploads\/2014\/09\/les_corps_entremeles_fil-300x300.jpg 300w\" sizes=\"auto, (max-width: 400px) 100vw, 400px\" class=\"light-dropshaddow\"\/><\/a><\/div><\/div><div class=\"tcol-lg-4 tcol-md-4 tcol-sm-4 tcol-xs-6 tcol-ss-12 g_item\"><div class=\"grid_item kad_gallery_fade_in gallery_item\"><a href=\"https:\/\/amandineledu.art\/wp-content\/uploads\/2014\/09\/la_multibouche_et_l_oeil_libre.jpg\" data-rel=\"lightbox\" class=\"lightboxhover\"><img loading=\"lazy\" decoding=\"async\" src=\"https:\/\/amandineledu.art\/wp-content\/uploads\/2014\/09\/la_multibouche_et_l_oeil_libre-400x400.jpg\" width=\"400\" height=\"400\" alt=\"&lt;br&gt;LA MULTIBOUCHE ET L&#039;\u0152IL LIBRE &lt;span style=&#039;color: #5E7C98&#039;&gt;- Fusain et pastels \u00e0 l&#039;huile -&lt;\/span&gt; &lt;em&gt;&lt;span style=&#039;color: #00CB65;font-size: 10px;&#039;&gt;DISPONIBLE&lt;\/span&gt;&lt;\/em&gt;&lt;br&gt;&lt;br&gt;\" srcset=\"https:\/\/amandineledu.art\/wp-content\/uploads\/2014\/09\/la_multibouche_et_l_oeil_libre-400x400.jpg 400w, https:\/\/amandineledu.art\/wp-content\/uploads\/2014\/09\/la_multibouche_et_l_oeil_libre-150x150.jpg 150w, https:\/\/amandineledu.art\/wp-content\/uploads\/2014\/09\/la_multibouche_et_l_oeil_libre-600x600.jpg 600w, https:\/\/amandineledu.art\/wp-content\/uploads\/2014\/09\/la_multibouche_et_l_oeil_libre-300x300.jpg 300w, https:\/\/amandineledu.art\/wp-content\/uploads\/2014\/09\/la_multibouche_et_l_oeil_libre-800x800.jpg 800w\" sizes=\"auto, (max-width: 400px) 100vw, 400px\" class=\"light-dropshaddow\"\/><\/a><\/div><\/div><\/div>\n&nbsp;<\/p>\n","protected":false},"excerpt":{"rendered":"<p>&nbsp; L\u2019art de peindre n\u2019est que l\u2019art d\u2019exprimer l\u2019invisible par le visible. Eug\u00e8ne Fromentin &nbsp;<\/p>\n","protected":false},"author":61,"featured_media":0,"parent":20,"menu_order":0,"comment_status":"open","ping_status":"open","template":"page-fullwidth.php","meta":{"kt_blocks_editor_width":"","_s2mail":"yes","footnotes":""},"class_list":["post-655","page","type-page","status-publish","hentry"],"yoast_head":"<!-- This site is optimized with the Yoast SEO plugin v25.8 - https:\/\/yoast.com\/wordpress\/plugins\/seo\/ -->\n<title>Poup\u00e9es de cire<\/title>\n<meta name=\"description\" content=\"Amandine Le Du - Artiste peintre et num\u00e9rique - Pornichet\" \/>\n<meta name=\"robots\" content=\"index, follow, max-snippet:-1, max-image-preview:large, max-video-preview:-1\" \/>\n<link rel=\"canonical\" href=\"https:\/\/amandineledu.art\/dessins\/poupees-de-cire\/\" \/>\n<meta property=\"og:locale\" content=\"en_US\" \/>\n<meta property=\"og:type\" content=\"article\" \/>\n<meta property=\"og:title\" content=\"Poup\u00e9es de cire\" \/>\n<meta property=\"og:description\" content=\"Amandine Le Du - Artiste peintre et num\u00e9rique - Pornichet\" \/>\n<meta property=\"og:url\" content=\"https:\/\/amandineledu.art\/dessins\/poupees-de-cire\/\" \/>\n<meta property=\"og:site_name\" content=\"Amandine Le Du\" \/>\n<meta property=\"article:publisher\" content=\"https:\/\/www.facebook.com\/animAmandine\" \/>\n<meta property=\"article:modified_time\" content=\"2021-08-04T15:26:34+00:00\" \/>\n<meta property=\"og:image\" content=\"https:\/\/amandineledu.art\/wp-content\/uploads\/2021\/07\/canaveral_amandineledu.art_-366x366.jpg\" \/>\n<meta name=\"twitter:card\" content=\"summary_large_image\" \/>\n<script type=\"application\/ld+json\" class=\"yoast-schema-graph\">{\"@context\":\"https:\/\/schema.org\",\"@graph\":[{\"@type\":\"WebPage\",\"@id\":\"https:\/\/amandineledu.art\/dessins\/poupees-de-cire\/\",\"url\":\"https:\/\/amandineledu.art\/dessins\/poupees-de-cire\/\",\"name\":\"Poup\u00e9es de cire\",\"isPartOf\":{\"@id\":\"https:\/\/amandineledu.art\/#website\"},\"datePublished\":\"2014-09-19T13:35:36+00:00\",\"dateModified\":\"2021-08-04T15:26:34+00:00\",\"description\":\"Amandine Le Du - Artiste peintre et num\u00e9rique - Pornichet\",\"breadcrumb\":{\"@id\":\"https:\/\/amandineledu.art\/dessins\/poupees-de-cire\/#breadcrumb\"},\"inLanguage\":\"en-US\",\"potentialAction\":[{\"@type\":\"ReadAction\",\"target\":[\"https:\/\/amandineledu.art\/dessins\/poupees-de-cire\/\"]}]},{\"@type\":\"BreadcrumbList\",\"@id\":\"https:\/\/amandineledu.art\/dessins\/poupees-de-cire\/#breadcrumb\",\"itemListElement\":[{\"@type\":\"ListItem\",\"position\":1,\"name\":\"Accueil\",\"item\":\"https:\/\/amandineledu.art\/\"},{\"@type\":\"ListItem\",\"position\":2,\"name\":\"DRAWINGS\",\"item\":\"https:\/\/amandineledu.art\/en\/dessins\/\"},{\"@type\":\"ListItem\",\"position\":3,\"name\":\"POUP\u00c9ES DE CIRE\"}]},{\"@type\":\"WebSite\",\"@id\":\"https:\/\/amandineledu.art\/#website\",\"url\":\"https:\/\/amandineledu.art\/\",\"name\":\"Amandine Le Du\",\"description\":\"Artiste peintre - Atelier \u00e0 Pornichet\",\"publisher\":{\"@id\":\"https:\/\/amandineledu.art\/#\/schema\/person\/47d032a4b9e8aef51cf3342ba9d2d5a4\"},\"potentialAction\":[{\"@type\":\"SearchAction\",\"target\":{\"@type\":\"EntryPoint\",\"urlTemplate\":\"https:\/\/amandineledu.art\/?s={search_term_string}\"},\"query-input\":{\"@type\":\"PropertyValueSpecification\",\"valueRequired\":true,\"valueName\":\"search_term_string\"}}],\"inLanguage\":\"en-US\"},{\"@type\":[\"Person\",\"Organization\"],\"@id\":\"https:\/\/amandineledu.art\/#\/schema\/person\/47d032a4b9e8aef51cf3342ba9d2d5a4\",\"name\":\"amandine\",\"image\":{\"@type\":\"ImageObject\",\"inLanguage\":\"en-US\",\"@id\":\"https:\/\/amandineledu.art\/#\/schema\/person\/image\/\",\"url\":\"https:\/\/amandineledu.art\/wp-content\/uploads\/2015\/11\/HD15.jpg\",\"contentUrl\":\"https:\/\/amandineledu.art\/wp-content\/uploads\/2015\/11\/HD15.jpg\",\"width\":900,\"height\":900,\"caption\":\"amandine\"},\"logo\":{\"@id\":\"https:\/\/amandineledu.art\/#\/schema\/person\/image\/\"},\"sameAs\":[\"http:\/\/amandineledu.art\",\"https:\/\/www.facebook.com\/animAmandine\"]}]}<\/script>\n<!-- \/ Yoast SEO plugin. -->","yoast_head_json":{"title":"Poup\u00e9es de cire","description":"Amandine Le Du - Artiste peintre et num\u00e9rique - Pornichet","robots":{"index":"index","follow":"follow","max-snippet":"max-snippet:-1","max-image-preview":"max-image-preview:large","max-video-preview":"max-video-preview:-1"},"canonical":"https:\/\/amandineledu.art\/dessins\/poupees-de-cire\/","og_locale":"en_US","og_type":"article","og_title":"Poup\u00e9es de cire","og_description":"Amandine Le Du - Artiste peintre et num\u00e9rique - Pornichet","og_url":"https:\/\/amandineledu.art\/dessins\/poupees-de-cire\/","og_site_name":"Amandine Le Du","article_publisher":"https:\/\/www.facebook.com\/animAmandine","article_modified_time":"2021-08-04T15:26:34+00:00","og_image":[{"url":"https:\/\/amandineledu.art\/wp-content\/uploads\/2021\/07\/canaveral_amandineledu.art_-366x366.jpg","type":"","width":"","height":""}],"twitter_card":"summary_large_image","schema":{"@context":"https:\/\/schema.org","@graph":[{"@type":"WebPage","@id":"https:\/\/amandineledu.art\/dessins\/poupees-de-cire\/","url":"https:\/\/amandineledu.art\/dessins\/poupees-de-cire\/","name":"Poup\u00e9es de cire","isPartOf":{"@id":"https:\/\/amandineledu.art\/#website"},"datePublished":"2014-09-19T13:35:36+00:00","dateModified":"2021-08-04T15:26:34+00:00","description":"Amandine Le Du - Artiste peintre et num\u00e9rique - Pornichet","breadcrumb":{"@id":"https:\/\/amandineledu.art\/dessins\/poupees-de-cire\/#breadcrumb"},"inLanguage":"en-US","potentialAction":[{"@type":"ReadAction","target":["https:\/\/amandineledu.art\/dessins\/poupees-de-cire\/"]}]},{"@type":"BreadcrumbList","@id":"https:\/\/amandineledu.art\/dessins\/poupees-de-cire\/#breadcrumb","itemListElement":[{"@type":"ListItem","position":1,"name":"Accueil","item":"https:\/\/amandineledu.art\/"},{"@type":"ListItem","position":2,"name":"DRAWINGS","item":"https:\/\/amandineledu.art\/en\/dessins\/"},{"@type":"ListItem","position":3,"name":"POUP\u00c9ES DE CIRE"}]},{"@type":"WebSite","@id":"https:\/\/amandineledu.art\/#website","url":"https:\/\/amandineledu.art\/","name":"Amandine Le Du","description":"Artiste peintre - Atelier \u00e0 Pornichet","publisher":{"@id":"https:\/\/amandineledu.art\/#\/schema\/person\/47d032a4b9e8aef51cf3342ba9d2d5a4"},"potentialAction":[{"@type":"SearchAction","target":{"@type":"EntryPoint","urlTemplate":"https:\/\/amandineledu.art\/?s={search_term_string}"},"query-input":{"@type":"PropertyValueSpecification","valueRequired":true,"valueName":"search_term_string"}}],"inLanguage":"en-US"},{"@type":["Person","Organization"],"@id":"https:\/\/amandineledu.art\/#\/schema\/person\/47d032a4b9e8aef51cf3342ba9d2d5a4","name":"amandine","image":{"@type":"ImageObject","inLanguage":"en-US","@id":"https:\/\/amandineledu.art\/#\/schema\/person\/image\/","url":"https:\/\/amandineledu.art\/wp-content\/uploads\/2015\/11\/HD15.jpg","contentUrl":"https:\/\/amandineledu.art\/wp-content\/uploads\/2015\/11\/HD15.jpg","width":900,"height":900,"caption":"amandine"},"logo":{"@id":"https:\/\/amandineledu.art\/#\/schema\/person\/image\/"},"sameAs":["http:\/\/amandineledu.art","https:\/\/www.facebook.com\/animAmandine"]}]}},"_links":{"self":[{"href":"https:\/\/amandineledu.art\/en\/wp-json\/wp\/v2\/pages\/655","targetHints":{"allow":["GET"]}}],"collection":[{"href":"https:\/\/amandineledu.art\/en\/wp-json\/wp\/v2\/pages"}],"about":[{"href":"https:\/\/amandineledu.art\/en\/wp-json\/wp\/v2\/types\/page"}],"author":[{"embeddable":true,"href":"https:\/\/amandineledu.art\/en\/wp-json\/wp\/v2\/users\/61"}],"replies":[{"embeddable":true,"href":"https:\/\/amandineledu.art\/en\/wp-json\/wp\/v2\/comments?post=655"}],"version-history":[{"count":7,"href":"https:\/\/amandineledu.art\/en\/wp-json\/wp\/v2\/pages\/655\/revisions"}],"predecessor-version":[{"id":2932,"href":"https:\/\/amandineledu.art\/en\/wp-json\/wp\/v2\/pages\/655\/revisions\/2932"}],"up":[{"embeddable":true,"href":"https:\/\/amandineledu.art\/en\/wp-json\/wp\/v2\/pages\/20"}],"wp:attachment":[{"href":"https:\/\/amandineledu.art\/en\/wp-json\/wp\/v2\/media?parent=655"}],"curies":[{"name":"wp","href":"https:\/\/api.w.org\/{rel}","templated":true}]}}