{"id":8943,"date":"2024-12-13T11:48:04","date_gmt":"2024-12-13T10:48:04","guid":{"rendered":"https:\/\/amandineledu.art\/commande\/?post_type=product&#038;p=8943"},"modified":"2026-04-06T02:10:05","modified_gmt":"2026-04-06T00:10:05","slug":"fabuleux-bestiaire","status":"publish","type":"product","link":"https:\/\/amandineledu.art\/commande\/produit\/fabuleux-bestiaire\/","title":{"rendered":"Atelier du FABULEUX BESTIAIRE"},"content":{"rendered":"<p><strong>Bienvenue dans la fabrique des monstres<\/strong><\/p>\n<p>Laissez place \u00e0 votre imagination et faites ressortir vos couleurs sur une trame en perp\u00e9tuelle m\u00e9tamorphose !<br \/>\nEn entrant dans cet espace interactif et joyeux, vous participez \u00e0 votre rythme \u00e0 une exp\u00e9rience cr\u00e9ative ludique et collaborative : comme un (petit, moyen ou tr\u00e8s grand) enfant, vous \u00eates invit\u00e9 \u00e0 retrouver dans des nuages de lumi\u00e8res color\u00e9es des formes, des id\u00e9es, des personnages ou accessoires destin\u00e9s \u00e0 se combiner \u00e0 des monstres en constante mutation.<\/p>\n<p>Ce jeu de regards crois\u00e9s vous relie aux autres participants, qu&rsquo;il soit v\u00e9cu dans l&rsquo;atelier de Pornichet (avec un mat\u00e9riel professionnel) ou bien en ligne &#8211; en temps r\u00e9el &#8211; sur internet avec vos appareils de tous les jours (tablette avec ou sans stylet, ordinateur avec souris ou trackpad, et m\u00eame smartphone pour ceux qui veulent tester leur dext\u00e9rit\u00e9 sur petit \u00e9cran).<\/p>\n<p>Des rendez-vous vous sont propos\u00e9s chaque semaine, amenez-y votre convivialit\u00e9 et votre bonne humeur, je m&rsquo;occupe du reste !<\/p>\n<p>\u00c0 l&rsquo;issue de l&rsquo;atelier, je vous envoie votre participation sous forme de fichier jpg, et je l&rsquo;inclus avec votre accord dans ce projet collectif de livre anim\u00e9 :<\/p>\n<p><a href=\"https:\/\/simplebooklet.com\/fabuleuxbestiaire\">https:\/\/simplebooklet.com\/fabuleuxbestiaire<\/a><\/p>\n<p>Pour participer, inscrivez-vous en <strong>choisissant une option<\/strong> du menu d\u00e9roulant ci-dessus puis en <strong>s\u00e9lectionnant une date<\/strong> disponible dans l\u2019agenda qui va alors s\u2019afficher. Vous pouvez aussi m&rsquo;appeler au 06 79 63 40 68 (n&rsquo;h\u00e9sitez pas, notamment si vous avez une demande de date ou d&rsquo;horaire en particulier).<\/p>\n","protected":false},"excerpt":{"rendered":"<p>Laissez place \u00e0 votre imagination et faites ressortir vos couleurs sur une trame en perp\u00e9tuelle m\u00e9tamorphose !<\/p>\n","protected":false},"featured_media":8965,"comment_status":"open","ping_status":"closed","template":"","meta":[],"product_brand":[],"product_cat":[163],"product_tag":[164,130,120],"class_list":{"0":"post-8943","1":"product","2":"type-product","3":"status-publish","4":"has-post-thumbnail","6":"product_cat-cours","7":"product_tag-cours","8":"product_tag-disponible-a-latelier-de-pornichet","9":"product_tag-numerique","10":"bookacti-activity","12":"first","13":"instock","14":"shipping-taxable","15":"purchasable","16":"product-type-variable","17":"has-default-attributes"},"jetpack_sharing_enabled":true,"_links":{"self":[{"href":"https:\/\/amandineledu.art\/commande\/wp-json\/wp\/v2\/product\/8943","targetHints":{"allow":["GET"]}}],"collection":[{"href":"https:\/\/amandineledu.art\/commande\/wp-json\/wp\/v2\/product"}],"about":[{"href":"https:\/\/amandineledu.art\/commande\/wp-json\/wp\/v2\/types\/product"}],"replies":[{"embeddable":true,"href":"https:\/\/amandineledu.art\/commande\/wp-json\/wp\/v2\/comments?post=8943"}],"wp:featuredmedia":[{"embeddable":true,"href":"https:\/\/amandineledu.art\/commande\/wp-json\/wp\/v2\/media\/8965"}],"wp:attachment":[{"href":"https:\/\/amandineledu.art\/commande\/wp-json\/wp\/v2\/media?parent=8943"}],"wp:term":[{"taxonomy":"product_brand","embeddable":true,"href":"https:\/\/amandineledu.art\/commande\/wp-json\/wp\/v2\/product_brand?post=8943"},{"taxonomy":"product_cat","embeddable":true,"href":"https:\/\/amandineledu.art\/commande\/wp-json\/wp\/v2\/product_cat?post=8943"},{"taxonomy":"product_tag","embeddable":true,"href":"https:\/\/amandineledu.art\/commande\/wp-json\/wp\/v2\/product_tag?post=8943"}],"curies":[{"name":"wp","href":"https:\/\/api.w.org\/{rel}","templated":true}]}}