{"id":8873,"date":"2024-02-05T15:07:05","date_gmt":"2024-02-05T14:07:05","guid":{"rendered":"https:\/\/amandineledu.art\/commande\/?post_type=product&#038;p=8873"},"modified":"2026-04-13T01:17:24","modified_gmt":"2026-04-12T23:17:24","slug":"1001nuits","status":"publish","type":"product","link":"https:\/\/amandineledu.art\/commande\/produit\/1001nuits\/","title":{"rendered":"Initiation de LA 1001\u00e8me NUIT"},"content":{"rendered":"<p>Cr\u00e9ez une <strong>\u0153uvre collective et \u00e9volutive<\/strong> tout en vous initiant \u00e0 l&rsquo;art num\u00e9rique !<\/p>\n<p>D\u00e9couvrez et exp\u00e9rimentez la <strong>cr\u00e9ation graphique sur \u00e9cran int\u00e9ractif<\/strong> de fa\u00e7on ludique : venez d\u00e9poser une trace (dessin, texte avec votre \u00e9criture manuelle, trac\u00e9s abstraits&#8230;) \u00e0 l&rsquo;aide d&rsquo;un stylet et <strong>soyez surpris du r\u00e9sultat<\/strong> quand l&rsquo;animation vid\u00e9o se met en marche. Les diff\u00e9rentes participations \u00e0 ce projet de <strong>LA 1001\u00e8me NUIT<\/strong> sont amen\u00e9es \u00e0 dialoguer et se m\u00e9tamorphoser dans le temps.<\/p>\n<div>Un projet men\u00e9\u00a0<strong>dans l\u2019Atelier<\/strong>\u00a0tout au long de l\u2019ann\u00e9e, et destin\u00e9 \u00e0 \u00eatre ponctuellement accueilli dans\u00a0<strong>diff\u00e9rents lieux<\/strong>.<\/div>\n<div><strong>Aper\u00e7u<\/strong> de l\u2019\u0153uvre en cours, qui se modifie au fil des participations (10 pour le moment) :<\/div>\n<div class=\"jetpack-video-wrapper\"><iframe loading=\"lazy\" title=\"La 1001\u00e8me Nuit - 9 avril 2024\" width=\"1140\" height=\"855\" src=\"https:\/\/www.youtube.com\/embed\/p7n6cU50F0s?feature=oembed\" frameborder=\"0\" allow=\"accelerometer; autoplay; clipboard-write; encrypted-media; gyroscope; picture-in-picture; web-share\" referrerpolicy=\"strict-origin-when-cross-origin\" allowfullscreen><\/iframe><\/div>\n<p>Retrouvez \u00e0 tout moment <strong>les transformations de l\u2019\u0153uvre<\/strong>\u00a0et ses diff\u00e9rentes \u00e9tapes de cr\u00e9ation en commun\u00a0<strong><a class=\"btnjaune\" href=\"https:\/\/youtube.com\/playlist?list=PLfFV_Qa3mGf5W1ErNdysOHM3IXlhHGwf6&amp;feature=shared\" target=\"_blank\" rel=\"noreferrer noopener\">ICI<\/a><br \/>\n<\/strong>Pour participer, <strong>inscrivez-vous<\/strong> en s\u00e9lectionnant une date disponible dans l&rsquo;agenda qui s&rsquo;affiche ci-dessus, ou par t\u00e9l\u00e9phone au 06 79 63 40 68.<\/p>\n<p><strong>\u00a0<\/strong><\/p>\n","protected":false},"excerpt":{"rendered":"<p>Cr\u00e9ez une \u0153uvre collective et \u00e9volutive tout en vous initiant \u00e0 l&rsquo;art num\u00e9rique !<\/p>\n","protected":false},"featured_media":8895,"comment_status":"open","ping_status":"closed","template":"","meta":[],"product_brand":[],"product_cat":[163],"product_tag":[164,130,120],"class_list":{"0":"post-8873","1":"product","2":"type-product","3":"status-publish","4":"has-post-thumbnail","6":"product_cat-cours","7":"product_tag-cours","8":"product_tag-disponible-a-latelier-de-pornichet","9":"product_tag-numerique","10":"bookacti-activity","12":"first","13":"instock","14":"shipping-taxable","15":"purchasable","16":"product-type-variable","17":"has-default-attributes"},"jetpack_sharing_enabled":true,"_links":{"self":[{"href":"https:\/\/amandineledu.art\/commande\/wp-json\/wp\/v2\/product\/8873","targetHints":{"allow":["GET"]}}],"collection":[{"href":"https:\/\/amandineledu.art\/commande\/wp-json\/wp\/v2\/product"}],"about":[{"href":"https:\/\/amandineledu.art\/commande\/wp-json\/wp\/v2\/types\/product"}],"replies":[{"embeddable":true,"href":"https:\/\/amandineledu.art\/commande\/wp-json\/wp\/v2\/comments?post=8873"}],"wp:featuredmedia":[{"embeddable":true,"href":"https:\/\/amandineledu.art\/commande\/wp-json\/wp\/v2\/media\/8895"}],"wp:attachment":[{"href":"https:\/\/amandineledu.art\/commande\/wp-json\/wp\/v2\/media?parent=8873"}],"wp:term":[{"taxonomy":"product_brand","embeddable":true,"href":"https:\/\/amandineledu.art\/commande\/wp-json\/wp\/v2\/product_brand?post=8873"},{"taxonomy":"product_cat","embeddable":true,"href":"https:\/\/amandineledu.art\/commande\/wp-json\/wp\/v2\/product_cat?post=8873"},{"taxonomy":"product_tag","embeddable":true,"href":"https:\/\/amandineledu.art\/commande\/wp-json\/wp\/v2\/product_tag?post=8873"}],"curies":[{"name":"wp","href":"https:\/\/api.w.org\/{rel}","templated":true}]}}