{"id":8849,"date":"2024-01-29T11:58:22","date_gmt":"2024-01-29T10:58:22","guid":{"rendered":"https:\/\/amandineledu.art\/commande\/?post_type=product&#038;p=8849"},"modified":"2025-09-30T13:54:05","modified_gmt":"2025-09-30T11:54:05","slug":"cours-d1h30","status":"publish","type":"product","link":"https:\/\/amandineledu.art\/commande\/produit\/cours-d1h30\/","title":{"rendered":"Pratique artistique libre"},"content":{"rendered":"<p><strong>Invitation \u00e0 d\u00e9couvrir ou red\u00e9couvrir les arts plastiques par le prisme du num\u00e9rique<\/strong><\/p>\n<p>Venez exp\u00e9rimenter l&rsquo;utilisation d&rsquo;une tablette graphique interactive ou la magie simple du crayon\u00a0sur papier, pour cr\u00e9er des images personnelles\u00a0hautes en couleur !<\/p>\n<p>Seul ou en duo, ce moment d&rsquo;expression et de jeu est pour vous, pens\u00e9 pour du sur mesure que vous soyez totalement novice ou d\u00e9j\u00e0 familier des arts plastiques et\/ou num\u00e9riques.<\/p>\n<p><a href=\"https:\/\/amandineledu.art\/contacts\/\" target=\"_blank\" rel=\"noopener\">Contactez-moi<\/a> pour + d&rsquo;informations, ou rendez-vous dans mon atelier de Pornichet ouvert au public.<\/p>\n","protected":false},"excerpt":{"rendered":"<p>Invitation \u00e0 d\u00e9couvrir ou red\u00e9couvrir les arts plastiques par le prisme du num\u00e9rique Venez exp\u00e9rimenter l&rsquo;utilisation d&rsquo;une tablette graphique interactive &hellip; <a href=\"https:\/\/amandineledu.art\/commande\/produit\/cours-d1h30\/\" class=\"more-link\">Continue reading <span class=\"screen-reader-text\">Pratique artistique libre<\/span><\/a><\/p>\n","protected":false},"featured_media":7839,"comment_status":"open","ping_status":"closed","template":"","meta":[],"product_brand":[],"product_cat":[163],"product_tag":[164,130,120],"class_list":{"0":"post-8849","1":"product","2":"type-product","3":"status-publish","4":"has-post-thumbnail","6":"product_cat-cours","7":"product_tag-cours","8":"product_tag-disponible-a-latelier-de-pornichet","9":"product_tag-numerique","10":"bookacti-activity","12":"first","13":"instock","14":"shipping-taxable","15":"purchasable","16":"product-type-variable","17":"has-default-attributes"},"jetpack_sharing_enabled":true,"_links":{"self":[{"href":"https:\/\/amandineledu.art\/commande\/wp-json\/wp\/v2\/product\/8849","targetHints":{"allow":["GET"]}}],"collection":[{"href":"https:\/\/amandineledu.art\/commande\/wp-json\/wp\/v2\/product"}],"about":[{"href":"https:\/\/amandineledu.art\/commande\/wp-json\/wp\/v2\/types\/product"}],"replies":[{"embeddable":true,"href":"https:\/\/amandineledu.art\/commande\/wp-json\/wp\/v2\/comments?post=8849"}],"wp:featuredmedia":[{"embeddable":true,"href":"https:\/\/amandineledu.art\/commande\/wp-json\/wp\/v2\/media\/7839"}],"wp:attachment":[{"href":"https:\/\/amandineledu.art\/commande\/wp-json\/wp\/v2\/media?parent=8849"}],"wp:term":[{"taxonomy":"product_brand","embeddable":true,"href":"https:\/\/amandineledu.art\/commande\/wp-json\/wp\/v2\/product_brand?post=8849"},{"taxonomy":"product_cat","embeddable":true,"href":"https:\/\/amandineledu.art\/commande\/wp-json\/wp\/v2\/product_cat?post=8849"},{"taxonomy":"product_tag","embeddable":true,"href":"https:\/\/amandineledu.art\/commande\/wp-json\/wp\/v2\/product_tag?post=8849"}],"curies":[{"name":"wp","href":"https:\/\/api.w.org\/{rel}","templated":true}]}}