{"id":8827,"date":"2023-12-13T10:56:44","date_gmt":"2023-12-13T09:56:44","guid":{"rendered":"https:\/\/amandineledu.art\/commande\/?post_type=product&#038;p=8827"},"modified":"2026-04-09T17:06:54","modified_gmt":"2026-04-09T15:06:54","slug":"lorange-dassam","status":"publish","type":"product","link":"https:\/\/amandineledu.art\/commande\/produit\/lorange-dassam\/","title":{"rendered":"L&rsquo;ORANGE D&rsquo;ASSAM"},"content":{"rendered":"<p><em><strong>L&rsquo;ORANGE D&rsquo;ASSAM<\/strong><\/em> &#8211; S\u00e9rie <em>EMPREINTES DIGITALES<\/em><\/p>\n<p>\u0152uvre num\u00e9rique<br \/>\nTirage en subligraphie, certifi\u00e9 et num\u00e9rot\u00e9 sur 12 (tous formats confondus)<\/p>\n<p>Sur commande (avec un d\u00e9lai d\u2019environ 1 \u00e0 2 semaines de fabrication), il est possible de choisir son type d\u2019encadrement<\/p>\n","protected":false},"excerpt":{"rendered":"<p><em><strong>L&rsquo;ORANGE D&rsquo;ASSAM<\/strong><\/em> &#8211; S\u00e9rie <em>EMPREINTES DIGITALES<\/em><\/p>\n<p>\u0152uvre num\u00e9rique<br \/>\nTirage en subligraphie, certifi\u00e9 et num\u00e9rot\u00e9 sur 12 (tous formats confondus)<\/p>\n<p>Sur commande (avec un d\u00e9lai d\u2019environ 1 \u00e0 2 semaines de fabrication), il est possible de choisir son type d\u2019encadrement :<br \/>\nVeuillez cliquer sur les options des menus d\u00e9roulants ci-dessous pour afficher les diff\u00e9rents tarifs associ\u00e9s<\/p>\n","protected":false},"featured_media":8830,"comment_status":"open","ping_status":"closed","template":"","meta":[],"product_brand":[],"product_cat":[126],"product_tag":[133,120,128],"class_list":{"0":"post-8827","1":"product","2":"type-product","3":"status-publish","4":"has-post-thumbnail","6":"product_cat-art-numerique","7":"product_tag-couleur","8":"product_tag-numerique","9":"product_tag-subligraphie","11":"first","12":"onbackorder","13":"sold-individually","14":"shipping-taxable","15":"purchasable","16":"product-type-variable","17":"has-default-attributes"},"jetpack_sharing_enabled":true,"_links":{"self":[{"href":"https:\/\/amandineledu.art\/commande\/wp-json\/wp\/v2\/product\/8827","targetHints":{"allow":["GET"]}}],"collection":[{"href":"https:\/\/amandineledu.art\/commande\/wp-json\/wp\/v2\/product"}],"about":[{"href":"https:\/\/amandineledu.art\/commande\/wp-json\/wp\/v2\/types\/product"}],"replies":[{"embeddable":true,"href":"https:\/\/amandineledu.art\/commande\/wp-json\/wp\/v2\/comments?post=8827"}],"wp:featuredmedia":[{"embeddable":true,"href":"https:\/\/amandineledu.art\/commande\/wp-json\/wp\/v2\/media\/8830"}],"wp:attachment":[{"href":"https:\/\/amandineledu.art\/commande\/wp-json\/wp\/v2\/media?parent=8827"}],"wp:term":[{"taxonomy":"product_brand","embeddable":true,"href":"https:\/\/amandineledu.art\/commande\/wp-json\/wp\/v2\/product_brand?post=8827"},{"taxonomy":"product_cat","embeddable":true,"href":"https:\/\/amandineledu.art\/commande\/wp-json\/wp\/v2\/product_cat?post=8827"},{"taxonomy":"product_tag","embeddable":true,"href":"https:\/\/amandineledu.art\/commande\/wp-json\/wp\/v2\/product_tag?post=8827"}],"curies":[{"name":"wp","href":"https:\/\/api.w.org\/{rel}","templated":true}]}}