{"id":8748,"date":"2023-04-05T14:04:43","date_gmt":"2023-04-05T12:04:43","guid":{"rendered":"https:\/\/amandineledu.art\/commande\/?post_type=product&#038;p=8748"},"modified":"2026-02-23T20:45:15","modified_gmt":"2026-02-23T19:45:15","slug":"echolalie-de-nuit","status":"publish","type":"product","link":"https:\/\/amandineledu.art\/commande\/produit\/echolalie-de-nuit\/","title":{"rendered":"\u00c9CHOLALIE DE NUIT"},"content":{"rendered":"<p><em><strong>\u00c9CHOLALIE DE NUIT<\/strong><\/em> &#8211; S\u00e9rie <em>EMPREINTES DIGITALES<\/em><\/p>\n<p>\u0152uvre num\u00e9rique<br \/>\nTirage en subligraphie, certifi\u00e9 et num\u00e9rot\u00e9 sur 12 (tous formats confondus)<\/p>\n<p>D\u00e9couvrez son processus de cr\u00e9ation : https:\/\/youtu.be\/H5ftKuZ7Otk<\/p>\n<p>Disponible \u00e0 l\u2019Atelier de Pornichet au format 40 x 40 cm avec ch\u00e2ssis entrant (n\u00b01\/12)<br \/>\nSur commande (avec un d\u00e9lai d\u2019environ 1 \u00e0 2 semaines de fabrication), il est possible de choisir un autre format et type d\u2019encadrement<\/p>\n","protected":false},"excerpt":{"rendered":"<p><em><strong>\u00c9CHOLALIE DE NUIT<\/strong><\/em> &#8211; S\u00e9rie <em>EMPREINTES DIGITALES<\/em><\/p>\n<p>\u0152uvre num\u00e9rique<br \/>\nTirage en subligraphie, certifi\u00e9 et num\u00e9rot\u00e9 sur 12 (tous formats confondus)<\/p>\n<p>D\u00e9couvrez son processus de cr\u00e9ation : https:\/\/youtu.be\/H5ftKuZ7Otk<\/p>\n<p>Disponible \u00e0 l\u2019Atelier de Pornichet au format 40 x 40 cm avec ch\u00e2ssis entrant (n\u00b01\/12)<br \/>\nSur commande (avec un d\u00e9lai d\u2019environ 1 \u00e0 2 semaines de fabrication), il est possible de choisir un autre format et type d\u2019encadrement :<br \/>\nVeuillez cliquer sur les options des menus d\u00e9roulants ci-dessous pour afficher les diff\u00e9rents tarifs associ\u00e9s<\/p>\n","protected":false},"featured_media":8763,"comment_status":"open","ping_status":"closed","template":"","meta":[],"product_brand":[],"product_cat":[126],"product_tag":[133,120,128],"class_list":{"0":"post-8748","1":"product","2":"type-product","3":"status-publish","4":"has-post-thumbnail","6":"product_cat-art-numerique","7":"product_tag-couleur","8":"product_tag-numerique","9":"product_tag-subligraphie","11":"first","12":"instock","13":"sold-individually","14":"shipping-taxable","15":"purchasable","16":"product-type-variable","17":"has-default-attributes"},"jetpack_sharing_enabled":true,"_links":{"self":[{"href":"https:\/\/amandineledu.art\/commande\/wp-json\/wp\/v2\/product\/8748","targetHints":{"allow":["GET"]}}],"collection":[{"href":"https:\/\/amandineledu.art\/commande\/wp-json\/wp\/v2\/product"}],"about":[{"href":"https:\/\/amandineledu.art\/commande\/wp-json\/wp\/v2\/types\/product"}],"replies":[{"embeddable":true,"href":"https:\/\/amandineledu.art\/commande\/wp-json\/wp\/v2\/comments?post=8748"}],"wp:featuredmedia":[{"embeddable":true,"href":"https:\/\/amandineledu.art\/commande\/wp-json\/wp\/v2\/media\/8763"}],"wp:attachment":[{"href":"https:\/\/amandineledu.art\/commande\/wp-json\/wp\/v2\/media?parent=8748"}],"wp:term":[{"taxonomy":"product_brand","embeddable":true,"href":"https:\/\/amandineledu.art\/commande\/wp-json\/wp\/v2\/product_brand?post=8748"},{"taxonomy":"product_cat","embeddable":true,"href":"https:\/\/amandineledu.art\/commande\/wp-json\/wp\/v2\/product_cat?post=8748"},{"taxonomy":"product_tag","embeddable":true,"href":"https:\/\/amandineledu.art\/commande\/wp-json\/wp\/v2\/product_tag?post=8748"}],"curies":[{"name":"wp","href":"https:\/\/api.w.org\/{rel}","templated":true}]}}