{"id":8691,"date":"2023-03-01T10:57:43","date_gmt":"2023-03-01T09:57:43","guid":{"rendered":"https:\/\/amandineledu.art\/commande\/?post_type=product&#038;p=8691"},"modified":"2026-04-09T17:08:38","modified_gmt":"2026-04-09T15:08:38","slug":"salamalec-a-lechelle-jaune","status":"publish","type":"product","link":"https:\/\/amandineledu.art\/commande\/produit\/salamalec-a-lechelle-jaune\/","title":{"rendered":"SALAMALEC \u00c0 L&rsquo;\u00c9CHELLE JAUNE"},"content":{"rendered":"<p><em><strong>SALAMALEC \u00c0 L&rsquo;\u00c9CHELLE JAUNE<\/strong><\/em> &#8211; S\u00e9rie <em>EMPREINTES DIGITALES<\/em><\/p>\n<p>\u0152uvre num\u00e9rique<br \/>\nTirage en subligraphie, certifi\u00e9 et num\u00e9rot\u00e9 sur 12 (tous formats confondus)<\/p>\n<p>D\u00e9couvrez son processus de cr\u00e9ation : https:\/\/youtu.be\/f5hHH6-do-k<\/p>\n<p>Disponible \u00e0 l&rsquo;Atelier de Pornichet au format 40 x 40 cm avec bord tournant sombre d&rsquo;1cm (voir sur la deuxi\u00e8me photo) et ch\u00e2ssis entrant (n\u00b01\/12)<br \/>\nSur commande (avec un d\u00e9lai d&rsquo;environ 1 \u00e0 2 semaines de fabrication), il est possible de choisir un autre format et type d&rsquo;encadrement<\/p>\n","protected":false},"excerpt":{"rendered":"<p><em><strong>SALAMALEC \u00c0 L&rsquo;\u00c9CHELLE JAUNE<\/strong><\/em> &#8211; S\u00e9rie <em>EMPREINTES DIGITALES<\/em><\/p>\n<p>\u0152uvre num\u00e9rique<br \/>\nTirage en subligraphie, certifi\u00e9 et num\u00e9rot\u00e9 sur 12 (tous formats confondus)<\/p>\n<p>D\u00e9couvrez son processus de cr\u00e9ation : https:\/\/youtu.be\/f5hHH6-do-k<\/p>\n<p>Disponible \u00e0 l&rsquo;Atelier de Pornichet au format 40 x 40 cm avec bord tournant sombre d&rsquo;1cm (voir sur la deuxi\u00e8me photo) et ch\u00e2ssis entrant (n\u00b01\/12)<br \/>\nSur commande (avec un d\u00e9lai d&rsquo;environ 1 \u00e0 2 semaines de fabrication), il est possible de choisir un autre format et type d&rsquo;encadrement :<br \/>\nVeuillez cliquer sur les options des menus d\u00e9roulants ci-dessous pour afficher les diff\u00e9rents tarifs associ\u00e9s<\/p>\n","protected":false},"featured_media":8706,"comment_status":"open","ping_status":"closed","template":"","meta":[],"product_brand":[],"product_cat":[126],"product_tag":[133,130,120,128],"class_list":{"0":"post-8691","1":"product","2":"type-product","3":"status-publish","4":"has-post-thumbnail","6":"product_cat-art-numerique","7":"product_tag-couleur","8":"product_tag-disponible-a-latelier-de-pornichet","9":"product_tag-numerique","10":"product_tag-subligraphie","12":"first","13":"instock","14":"sold-individually","15":"shipping-taxable","16":"purchasable","17":"product-type-variable","18":"has-default-attributes"},"jetpack_sharing_enabled":true,"_links":{"self":[{"href":"https:\/\/amandineledu.art\/commande\/wp-json\/wp\/v2\/product\/8691","targetHints":{"allow":["GET"]}}],"collection":[{"href":"https:\/\/amandineledu.art\/commande\/wp-json\/wp\/v2\/product"}],"about":[{"href":"https:\/\/amandineledu.art\/commande\/wp-json\/wp\/v2\/types\/product"}],"replies":[{"embeddable":true,"href":"https:\/\/amandineledu.art\/commande\/wp-json\/wp\/v2\/comments?post=8691"}],"wp:featuredmedia":[{"embeddable":true,"href":"https:\/\/amandineledu.art\/commande\/wp-json\/wp\/v2\/media\/8706"}],"wp:attachment":[{"href":"https:\/\/amandineledu.art\/commande\/wp-json\/wp\/v2\/media?parent=8691"}],"wp:term":[{"taxonomy":"product_brand","embeddable":true,"href":"https:\/\/amandineledu.art\/commande\/wp-json\/wp\/v2\/product_brand?post=8691"},{"taxonomy":"product_cat","embeddable":true,"href":"https:\/\/amandineledu.art\/commande\/wp-json\/wp\/v2\/product_cat?post=8691"},{"taxonomy":"product_tag","embeddable":true,"href":"https:\/\/amandineledu.art\/commande\/wp-json\/wp\/v2\/product_tag?post=8691"}],"curies":[{"name":"wp","href":"https:\/\/api.w.org\/{rel}","templated":true}]}}