{"id":8672,"date":"2023-02-01T11:36:41","date_gmt":"2023-02-01T10:36:41","guid":{"rendered":"https:\/\/amandineledu.art\/commande\/?post_type=product&#038;p=8672"},"modified":"2026-04-09T17:07:29","modified_gmt":"2026-04-09T15:07:29","slug":"marche","status":"publish","type":"product","link":"https:\/\/amandineledu.art\/commande\/produit\/marche\/","title":{"rendered":"MARCHE"},"content":{"rendered":"<p><em><strong>MARCHE<\/strong><\/em> &#8211; S\u00e9rie <em>EMPREINTES DIGITALES<\/em><\/p>\n<p>\u0152uvre num\u00e9rique<br \/>\nTirage en subligraphie, certifi\u00e9 et num\u00e9rot\u00e9 sur 12 (tous formats confondus)<\/p>\n<p>Sa cr\u00e9ation r\u00e9sulte d\u2019un premier test de ma nouvelle tablette graphique, dont on peut voir le timelapse ici : https:\/\/youtu.be\/8543UNdS9bs<\/p>\n<p>Disponible au <a tabindex=\"0\" href=\"https:\/\/www.google.com\/maps\/place\/\/data=!4m2!3m1!1s0x480572d5391d5b4f:0x8fa7fae410358af?sa=X&amp;ved=1t:8290&amp;ictx=111\" data-url=\"\/maps\/place\/\/data=!4m2!3m1!1s0x480572d5391d5b4f:0x8fa7fae410358af?sa=X&amp;ved=2ahUKEwjatrKds7KGAxX9APsDHYvECq4Q4kB6BAgQEAA\">1 Rue Tartifume, 44210 Pornic<\/a> chez Appert Am\u00e9nagement Menuiserie au format 40 x 40 cm avec bord tournant sombre d\u20191cm (voir sur la deuxi\u00e8me photo) et ch\u00e2ssis entrant (n\u00b01\/12)<br \/>\nSur commande (avec un d\u00e9lai d\u2019environ 1 \u00e0 2 semaines de fabrication), il est possible de choisir un autre format et type d\u2019encadrement<\/p>\n","protected":false},"excerpt":{"rendered":"<p><em><strong>MARCHE<\/strong><\/em> &#8211; S\u00e9rie <em>EMPREINTES DIGITALES<\/em><\/p>\n<p>\u0152uvre num\u00e9rique<br \/>\nTirage en subligraphie, certifi\u00e9 et num\u00e9rot\u00e9 sur 12 (tous formats confondus)<\/p>\n<p>Sa cr\u00e9ation r\u00e9sulte d\u2019un premier test de ma nouvelle tablette graphique, dont on peut voir le timelapse ici : https:\/\/youtu.be\/8543UNdS9bs<\/p>\n<p>Disponible au <a tabindex=\"0\" href=\"https:\/\/www.google.com\/maps\/place\/\/data=!4m2!3m1!1s0x480572d5391d5b4f:0x8fa7fae410358af?sa=X&amp;ved=1t:8290&amp;ictx=111\" data-url=\"\/maps\/place\/\/data=!4m2!3m1!1s0x480572d5391d5b4f:0x8fa7fae410358af?sa=X&amp;ved=2ahUKEwjatrKds7KGAxX9APsDHYvECq4Q4kB6BAgQEAA\">1 Rue Tartifume, 44210 Pornic<\/a> chez Appert Am\u00e9nagement Menuiserie au format 40 x 40 cm avec bord tournant sombre d\u20191cm (voir sur la deuxi\u00e8me photo) et ch\u00e2ssis entrant (n\u00b01\/12)<br \/>\nSur commande (avec un d\u00e9lai d\u2019environ 1 \u00e0 2 semaines de fabrication), il est possible de choisir un autre format et type d\u2019encadrement :<br \/>\nVeuillez cliquer sur les options des menus d\u00e9roulants ci-dessous pour afficher les diff\u00e9rents tarifs associ\u00e9s<\/p>\n","protected":false},"featured_media":8689,"comment_status":"open","ping_status":"closed","template":"","meta":[],"product_brand":[],"product_cat":[126],"product_tag":[133,130,165,131,120,128],"class_list":{"0":"post-8672","1":"product","2":"type-product","3":"status-publish","4":"has-post-thumbnail","6":"product_cat-art-numerique","7":"product_tag-couleur","8":"product_tag-disponible-a-latelier-de-pornichet","9":"product_tag-disponible-a-pornic","10":"product_tag-en-stock","11":"product_tag-numerique","12":"product_tag-subligraphie","14":"first","15":"instock","16":"sold-individually","17":"shipping-taxable","18":"purchasable","19":"product-type-variable","20":"has-default-attributes"},"jetpack_sharing_enabled":true,"_links":{"self":[{"href":"https:\/\/amandineledu.art\/commande\/wp-json\/wp\/v2\/product\/8672","targetHints":{"allow":["GET"]}}],"collection":[{"href":"https:\/\/amandineledu.art\/commande\/wp-json\/wp\/v2\/product"}],"about":[{"href":"https:\/\/amandineledu.art\/commande\/wp-json\/wp\/v2\/types\/product"}],"replies":[{"embeddable":true,"href":"https:\/\/amandineledu.art\/commande\/wp-json\/wp\/v2\/comments?post=8672"}],"wp:featuredmedia":[{"embeddable":true,"href":"https:\/\/amandineledu.art\/commande\/wp-json\/wp\/v2\/media\/8689"}],"wp:attachment":[{"href":"https:\/\/amandineledu.art\/commande\/wp-json\/wp\/v2\/media?parent=8672"}],"wp:term":[{"taxonomy":"product_brand","embeddable":true,"href":"https:\/\/amandineledu.art\/commande\/wp-json\/wp\/v2\/product_brand?post=8672"},{"taxonomy":"product_cat","embeddable":true,"href":"https:\/\/amandineledu.art\/commande\/wp-json\/wp\/v2\/product_cat?post=8672"},{"taxonomy":"product_tag","embeddable":true,"href":"https:\/\/amandineledu.art\/commande\/wp-json\/wp\/v2\/product_tag?post=8672"}],"curies":[{"name":"wp","href":"https:\/\/api.w.org\/{rel}","templated":true}]}}