{"id":8665,"date":"2023-01-25T11:29:14","date_gmt":"2023-01-25T10:29:14","guid":{"rendered":"https:\/\/amandineledu.art\/commande\/?post_type=product&#038;p=8665"},"modified":"2026-04-13T01:19:13","modified_gmt":"2026-04-12T23:19:13","slug":"en-piste","status":"publish","type":"product","link":"https:\/\/amandineledu.art\/commande\/produit\/en-piste\/","title":{"rendered":"EN PISTE"},"content":{"rendered":"<p><em><strong>EN PISTE<\/strong><\/em> &#8211; S\u00e9rie <em>EMPREINTES DIGITALES<\/em><\/p>\n<p>\u0152uvre num\u00e9rique<br \/>\nTirage en subligraphie, certifi\u00e9 et num\u00e9rot\u00e9 sur 12 (tous formats confondus)<\/p>\n<p>Disponible \u00e0 l&rsquo;Atelier de Pornichet au format 140 x 70 cm avec ch\u00e2ssis entrant (n\u00b01\/12)<br \/>\nSur commande (avec un d\u00e9lai d&rsquo;environ 1 \u00e0 2 semaines de fabrication), il est possible de choisir un autre format et type d&rsquo;encadrement<\/p>\n","protected":false},"excerpt":{"rendered":"<p><em><strong>EN PISTE<\/strong><\/em> &#8211; S\u00e9rie <em>EMPREINTES DIGITALES<\/em><\/p>\n<p>\u0152uvre num\u00e9rique<br \/>\nTirage en subligraphie, certifi\u00e9 et num\u00e9rot\u00e9 sur 12 (tous formats confondus)<\/p>\n<p>Disponible \u00e0 l&rsquo;Atelier de Pornichet au format 140 x 70 cm avec ch\u00e2ssis entrant (n\u00b01\/12)<\/p>\n<p>Sur commande (avec un d\u00e9lai d&rsquo;environ 1 \u00e0 2 semaines de fabrication), il est possible de choisir un autre format et type d&rsquo;encadrement :<br \/>\nVeuillez cliquer sur les options des menus d\u00e9roulants ci-dessous pour afficher les diff\u00e9rents tarifs associ\u00e9s<\/p>\n","protected":false},"featured_media":8668,"comment_status":"open","ping_status":"closed","template":"","meta":[],"product_brand":[],"product_cat":[126],"product_tag":[133,130,131,120,128],"class_list":{"0":"post-8665","1":"product","2":"type-product","3":"status-publish","4":"has-post-thumbnail","6":"product_cat-art-numerique","7":"product_tag-couleur","8":"product_tag-disponible-a-latelier-de-pornichet","9":"product_tag-en-stock","10":"product_tag-numerique","11":"product_tag-subligraphie","13":"first","14":"instock","15":"sold-individually","16":"shipping-taxable","17":"purchasable","18":"product-type-variable","19":"has-default-attributes"},"jetpack_sharing_enabled":true,"_links":{"self":[{"href":"https:\/\/amandineledu.art\/commande\/wp-json\/wp\/v2\/product\/8665","targetHints":{"allow":["GET"]}}],"collection":[{"href":"https:\/\/amandineledu.art\/commande\/wp-json\/wp\/v2\/product"}],"about":[{"href":"https:\/\/amandineledu.art\/commande\/wp-json\/wp\/v2\/types\/product"}],"replies":[{"embeddable":true,"href":"https:\/\/amandineledu.art\/commande\/wp-json\/wp\/v2\/comments?post=8665"}],"wp:featuredmedia":[{"embeddable":true,"href":"https:\/\/amandineledu.art\/commande\/wp-json\/wp\/v2\/media\/8668"}],"wp:attachment":[{"href":"https:\/\/amandineledu.art\/commande\/wp-json\/wp\/v2\/media?parent=8665"}],"wp:term":[{"taxonomy":"product_brand","embeddable":true,"href":"https:\/\/amandineledu.art\/commande\/wp-json\/wp\/v2\/product_brand?post=8665"},{"taxonomy":"product_cat","embeddable":true,"href":"https:\/\/amandineledu.art\/commande\/wp-json\/wp\/v2\/product_cat?post=8665"},{"taxonomy":"product_tag","embeddable":true,"href":"https:\/\/amandineledu.art\/commande\/wp-json\/wp\/v2\/product_tag?post=8665"}],"curies":[{"name":"wp","href":"https:\/\/api.w.org\/{rel}","templated":true}]}}