{"id":8564,"date":"2022-09-14T11:11:42","date_gmt":"2022-09-14T09:11:42","guid":{"rendered":"https:\/\/amandineledu.art\/commande\/?post_type=product&#038;p=8564"},"modified":"2026-04-05T06:52:58","modified_gmt":"2026-04-05T04:52:58","slug":"a-points-nomme","status":"publish","type":"product","link":"https:\/\/amandineledu.art\/commande\/produit\/a-points-nomme\/","title":{"rendered":"\u00c0 POINTS NOMM\u00c9"},"content":{"rendered":"<p><em><strong>\u00c0 POINTS NOMM\u00c9<\/strong><\/em> &#8211; S\u00e9rie <em>EMPREINTES DIGITALES<\/em><\/p>\n<p>\u0152uvre num\u00e9rique<br \/>\nTirage en subligraphie, certifi\u00e9 et num\u00e9rot\u00e9 sur 12 (tous formats confondus)<\/p>\n<p>Sur commande (avec un d\u00e9lai d&rsquo;environ 1 \u00e0 2 semaines de fabrication), vous pouvez choisir son type d&rsquo;encadrement (ch\u00e2ssis entrant ou bien caisse am\u00e9ricaine)<\/p>\n","protected":false},"excerpt":{"rendered":"<p><em><strong>\u00c0 POINTS NOMM\u00c9<\/strong><\/em> &#8211; S\u00e9rie <em>EMPREINTES DIGITALES<\/em><\/p>\n<p>\u0152uvre num\u00e9rique<br \/>\nTirage en subligraphie, certifi\u00e9 et num\u00e9rot\u00e9 sur 12 (tous formats confondus)<\/p>\n<p>Sur commande (avec un d\u00e9lai d&rsquo;environ 1 \u00e0 2 semaines de fabrication), vous pouvez choisir son type d&rsquo;encadrement (ch\u00e2ssis entrant ou bien caisse am\u00e9ricaine)<br \/>\nVeuillez cliquer sur les options des menus d\u00e9roulants ci-dessous pour afficher les diff\u00e9rents tarifs associ\u00e9s<\/p>\n","protected":false},"featured_media":8569,"comment_status":"open","ping_status":"closed","template":"","meta":[],"product_brand":[],"product_cat":[126],"product_tag":[133,120,128],"class_list":{"0":"post-8564","1":"product","2":"type-product","3":"status-publish","4":"has-post-thumbnail","6":"product_cat-art-numerique","7":"product_tag-couleur","8":"product_tag-numerique","9":"product_tag-subligraphie","11":"first","12":"onbackorder","13":"sold-individually","14":"shipping-taxable","15":"purchasable","16":"product-type-variable","17":"has-default-attributes"},"jetpack_sharing_enabled":true,"_links":{"self":[{"href":"https:\/\/amandineledu.art\/commande\/wp-json\/wp\/v2\/product\/8564","targetHints":{"allow":["GET"]}}],"collection":[{"href":"https:\/\/amandineledu.art\/commande\/wp-json\/wp\/v2\/product"}],"about":[{"href":"https:\/\/amandineledu.art\/commande\/wp-json\/wp\/v2\/types\/product"}],"replies":[{"embeddable":true,"href":"https:\/\/amandineledu.art\/commande\/wp-json\/wp\/v2\/comments?post=8564"}],"wp:featuredmedia":[{"embeddable":true,"href":"https:\/\/amandineledu.art\/commande\/wp-json\/wp\/v2\/media\/8569"}],"wp:attachment":[{"href":"https:\/\/amandineledu.art\/commande\/wp-json\/wp\/v2\/media?parent=8564"}],"wp:term":[{"taxonomy":"product_brand","embeddable":true,"href":"https:\/\/amandineledu.art\/commande\/wp-json\/wp\/v2\/product_brand?post=8564"},{"taxonomy":"product_cat","embeddable":true,"href":"https:\/\/amandineledu.art\/commande\/wp-json\/wp\/v2\/product_cat?post=8564"},{"taxonomy":"product_tag","embeddable":true,"href":"https:\/\/amandineledu.art\/commande\/wp-json\/wp\/v2\/product_tag?post=8564"}],"curies":[{"name":"wp","href":"https:\/\/api.w.org\/{rel}","templated":true}]}}