{"id":8409,"date":"2021-06-02T17:45:23","date_gmt":"2021-06-02T15:45:23","guid":{"rendered":"https:\/\/amandineledu.art\/commande\/?post_type=product&#038;p=8409"},"modified":"2026-04-13T01:20:08","modified_gmt":"2026-04-12T23:20:08","slug":"lobservatoire","status":"publish","type":"product","link":"https:\/\/amandineledu.art\/commande\/produit\/lobservatoire\/","title":{"rendered":"L&rsquo;OBSERVATOIRE"},"content":{"rendered":"<p><em><strong>L&rsquo;OBSERVATOIRE<\/strong><\/em> &#8211; S\u00e9rie <em>EMPREINTES DIGITALES<\/em><\/p>\n<p>\u0152uvre num\u00e9rique<br \/>\nTirage en subligraphie, certifi\u00e9 et num\u00e9rot\u00e9 sur 12 (tous formats confondus)<\/p>\n<p>Sur commande (avec un d\u00e9lai d&rsquo;environ 1 \u00e0 2 semaines de fabrication), vous pouvez choisir son format ainsi que son type d&rsquo;encadrement (ch\u00e2ssis entrant ou bien caisse am\u00e9ricaine)<\/p>\n","protected":false},"excerpt":{"rendered":"<p><em><strong>L&rsquo;OBSERVATOIRE<\/strong><\/em> &#8211; S\u00e9rie <em>EMPREINTES DIGITALES<\/em><\/p>\n<p>\u0152uvre num\u00e9rique<br \/>\nTirage en subligraphie, certifi\u00e9 et num\u00e9rot\u00e9 sur 12 (tous formats confondus)<\/p>\n<p>Sur commande (avec un d\u00e9lai d&rsquo;environ 1 \u00e0 2 semaines de fabrication), vous pouvez choisir son format ainsi que son type d&rsquo;encadrement (ch\u00e2ssis entrant ou bien caisse am\u00e9ricaine)<br \/>\nVeuillez cliquer sur les options des menus d\u00e9roulants ci-dessous pour afficher les diff\u00e9rents tarifs associ\u00e9s<\/p>\n","protected":false},"featured_media":8433,"comment_status":"open","ping_status":"closed","template":"","meta":[],"product_brand":[],"product_cat":[126],"product_tag":[133,120,128],"class_list":{"0":"post-8409","1":"product","2":"type-product","3":"status-publish","4":"has-post-thumbnail","6":"product_cat-art-numerique","7":"product_tag-couleur","8":"product_tag-numerique","9":"product_tag-subligraphie","11":"first","12":"onbackorder","13":"sold-individually","14":"shipping-taxable","15":"purchasable","16":"product-type-variable","17":"has-default-attributes"},"jetpack_sharing_enabled":true,"_links":{"self":[{"href":"https:\/\/amandineledu.art\/commande\/wp-json\/wp\/v2\/product\/8409","targetHints":{"allow":["GET"]}}],"collection":[{"href":"https:\/\/amandineledu.art\/commande\/wp-json\/wp\/v2\/product"}],"about":[{"href":"https:\/\/amandineledu.art\/commande\/wp-json\/wp\/v2\/types\/product"}],"replies":[{"embeddable":true,"href":"https:\/\/amandineledu.art\/commande\/wp-json\/wp\/v2\/comments?post=8409"}],"wp:featuredmedia":[{"embeddable":true,"href":"https:\/\/amandineledu.art\/commande\/wp-json\/wp\/v2\/media\/8433"}],"wp:attachment":[{"href":"https:\/\/amandineledu.art\/commande\/wp-json\/wp\/v2\/media?parent=8409"}],"wp:term":[{"taxonomy":"product_brand","embeddable":true,"href":"https:\/\/amandineledu.art\/commande\/wp-json\/wp\/v2\/product_brand?post=8409"},{"taxonomy":"product_cat","embeddable":true,"href":"https:\/\/amandineledu.art\/commande\/wp-json\/wp\/v2\/product_cat?post=8409"},{"taxonomy":"product_tag","embeddable":true,"href":"https:\/\/amandineledu.art\/commande\/wp-json\/wp\/v2\/product_tag?post=8409"}],"curies":[{"name":"wp","href":"https:\/\/api.w.org\/{rel}","templated":true}]}}