{"id":7959,"date":"2021-02-03T11:43:48","date_gmt":"2021-02-03T10:43:48","guid":{"rendered":"https:\/\/amandineledu.art\/commande\/?post_type=product&#038;p=7959"},"modified":"2023-12-13T11:29:58","modified_gmt":"2023-12-13T10:29:58","slug":"montagnes-russes","status":"publish","type":"product","link":"https:\/\/amandineledu.art\/commande\/produit\/montagnes-russes\/","title":{"rendered":"MONTAGNES RUSSES"},"content":{"rendered":"<p><em><strong>MONTAGNES RUSSES<\/strong><\/em> &#8211; S\u00e9rie <em>EMPREINTES DIGITALES<\/em><\/p>\n<p>\u0152uvre num\u00e9rique<br \/>\nTirage en subligraphie, certifi\u00e9 et num\u00e9rot\u00e9 sur 12 (tous formats confondus)<\/p>\n<p>Disponible \u00e0 l&rsquo;Atelier de Pornichet au format 50 x 50 cm avec ch\u00e2ssis entrant (n\u00b05\/12), et au format 40 x 40 cm avec caisse am\u00e9ricaine noire (n\u00b04\/12)<br \/>\nSur commande (avec un d\u00e9lai d&rsquo;environ 1 \u00e0 2 semaines de fabrication), il est possible de choisir un autre format et type d&rsquo;encadrement<\/p>\n","protected":false},"excerpt":{"rendered":"<p><em><strong>MONTAGNES RUSSES<\/strong><\/em> &#8211; S\u00e9rie <em>EMPREINTES DIGITALES<\/em><\/p>\n<p>\u0152uvre num\u00e9rique<br \/>\nTirage en subligraphie, certifi\u00e9 et num\u00e9rot\u00e9 sur 12 (tous formats confondus)<\/p>\n<p>Disponible \u00e0 l&rsquo;Atelier de Pornichet au format 50 x 50 cm avec ch\u00e2ssis entrant (n\u00b05\/12), et au format 40 x 40 cm avec caisse am\u00e9ricaine noire (n\u00b04\/12)<\/p>\n<p>Sur commande (avec un d\u00e9lai d&rsquo;environ 1 \u00e0 2 semaines de fabrication), il est possible de choisir un autre format et type d&rsquo;encadrement :<br \/>\nVeuillez cliquer sur les options des menus d\u00e9roulants ci-dessous pour afficher les diff\u00e9rents tarifs associ\u00e9s<\/p>\n","protected":false},"featured_media":7983,"comment_status":"open","ping_status":"closed","template":"","meta":[],"product_brand":[],"product_cat":[126],"product_tag":[133,130,131,120,128],"class_list":{"0":"post-7959","1":"product","2":"type-product","3":"status-publish","4":"has-post-thumbnail","6":"product_cat-art-numerique","7":"product_tag-couleur","8":"product_tag-disponible-a-latelier-de-pornichet","9":"product_tag-en-stock","10":"product_tag-numerique","11":"product_tag-subligraphie","13":"first","14":"instock","15":"sold-individually","16":"shipping-taxable","17":"purchasable","18":"product-type-variable","19":"has-default-attributes"},"jetpack_sharing_enabled":true,"_links":{"self":[{"href":"https:\/\/amandineledu.art\/commande\/wp-json\/wp\/v2\/product\/7959","targetHints":{"allow":["GET"]}}],"collection":[{"href":"https:\/\/amandineledu.art\/commande\/wp-json\/wp\/v2\/product"}],"about":[{"href":"https:\/\/amandineledu.art\/commande\/wp-json\/wp\/v2\/types\/product"}],"replies":[{"embeddable":true,"href":"https:\/\/amandineledu.art\/commande\/wp-json\/wp\/v2\/comments?post=7959"}],"wp:featuredmedia":[{"embeddable":true,"href":"https:\/\/amandineledu.art\/commande\/wp-json\/wp\/v2\/media\/7983"}],"wp:attachment":[{"href":"https:\/\/amandineledu.art\/commande\/wp-json\/wp\/v2\/media?parent=7959"}],"wp:term":[{"taxonomy":"product_brand","embeddable":true,"href":"https:\/\/amandineledu.art\/commande\/wp-json\/wp\/v2\/product_brand?post=7959"},{"taxonomy":"product_cat","embeddable":true,"href":"https:\/\/amandineledu.art\/commande\/wp-json\/wp\/v2\/product_cat?post=7959"},{"taxonomy":"product_tag","embeddable":true,"href":"https:\/\/amandineledu.art\/commande\/wp-json\/wp\/v2\/product_tag?post=7959"}],"curies":[{"name":"wp","href":"https:\/\/api.w.org\/{rel}","templated":true}]}}